{"id":1030,"date":"2021-12-20T10:46:42","date_gmt":"2021-12-20T10:46:42","guid":{"rendered":"https:\/\/rituals-home.com\/?page_id=1030"},"modified":"2025-02-05T08:24:52","modified_gmt":"2025-02-05T08:24:52","slug":"philosophie-et-approche","status":"publish","type":"page","link":"https:\/\/rituals-home.com\/en\/rituals-home\/philosophie-et-approche\/","title":{"rendered":"Philosophy and approach"},"content":{"rendered":"<div data-elementor-type=\"wp-page\" data-elementor-id=\"1030\" class=\"elementor elementor-1030\" data-elementor-post-type=\"page\">\n\t\t\t\t\t\t<section class=\"elementor-section elementor-top-section elementor-element elementor-element-367ad77 elementor-section-height-min-height elementor-section-items-stretch elementor-section-content-middle elementor-section-full_width elementor-section-height-default\" data-id=\"367ad77\" data-element_type=\"section\" data-e-type=\"section\" data-settings=\"{&quot;background_background&quot;:&quot;classic&quot;}\">\n\t\t\t\t\t\t\t<div class=\"elementor-background-overlay\"><\/div>\n\t\t\t\t\t\t\t<div class=\"elementor-container elementor-column-gap-default\">\n\t\t\t\t\t<div class=\"elementor-column elementor-col-100 elementor-top-column elementor-element elementor-element-bd76c37\" data-id=\"bd76c37\" data-element_type=\"column\" data-e-type=\"column\">\n\t\t\t<div class=\"elementor-widget-wrap elementor-element-populated\">\n\t\t\t\t\t\t<div class=\"elementor-element elementor-element-873a021 elementor-widget elementor-widget-heading\" data-id=\"873a021\" data-element_type=\"widget\" data-e-type=\"widget\" data-widget_type=\"heading.default\">\n\t\t\t\t<div class=\"elementor-widget-container\">\n\t\t\t\t\t<h1 class=\"elementor-heading-title elementor-size-default\">Philosophy and approach<\/h1>\t\t\t\t<\/div>\n\t\t\t\t<\/div>\n\t\t\t\t\t<\/div>\n\t\t<\/div>\n\t\t\t\t\t<\/div>\n\t\t<\/section>\n\t\t\t\t<section class=\"elementor-section elementor-top-section elementor-element elementor-element-93af347 elementor-section-boxed elementor-section-height-default elementor-section-height-default\" data-id=\"93af347\" data-element_type=\"section\" data-e-type=\"section\">\n\t\t\t\t\t\t<div class=\"elementor-container elementor-column-gap-default\">\n\t\t\t\t\t<div class=\"elementor-column elementor-col-100 elementor-top-column elementor-element elementor-element-89dcde6\" data-id=\"89dcde6\" data-element_type=\"column\" data-e-type=\"column\">\n\t\t\t<div class=\"elementor-widget-wrap\">\n\t\t\t\t\t\t\t<\/div>\n\t\t<\/div>\n\t\t\t\t\t<\/div>\n\t\t<\/section>\n\t\t\t\t<section class=\"elementor-section elementor-top-section elementor-element elementor-element-268df1d elementor-section-boxed elementor-section-height-default elementor-section-height-default\" data-id=\"268df1d\" data-element_type=\"section\" data-e-type=\"section\" data-settings=\"{&quot;background_background&quot;:&quot;classic&quot;}\">\n\t\t\t\t\t\t<div class=\"elementor-container elementor-column-gap-default\">\n\t\t\t\t\t<div class=\"elementor-column elementor-col-100 elementor-top-column elementor-element elementor-element-2c5052f\" data-id=\"2c5052f\" data-element_type=\"column\" data-e-type=\"column\">\n\t\t\t<div class=\"elementor-widget-wrap elementor-element-populated\">\n\t\t\t\t\t\t<div class=\"elementor-element elementor-element-d8aa49a elementor-widget elementor-widget-text-editor\" data-id=\"d8aa49a\" data-element_type=\"widget\" data-e-type=\"widget\" data-widget_type=\"text-editor.default\">\n\t\t\t\t<div class=\"elementor-widget-container\">\n\t\t\t\t\t\t\t\t\t<p><span style=\"font-weight: 400;\">Today, everything is going too fast... Time flies and our lives tend to slip away from us. We even forget to breathe! However, breathing is essential to our survival: it allows us to manage our emotions, to work our physical body, to live and survive. This is why I accompany you on a daily basis, using different tools to relearn how to <\/span><b>breathe <\/b><span style=\"font-weight: 400;\">and regain control over your life.<\/span><\/p><p><span style=\"font-weight: 400;\">Well-being practitioner, I have a simple life philosophy: do everything from the heart. And what I do with Rituals Home is no exception to this rule.<br \/><\/span><span style=\"font-weight: 400;\">Every yoga class I teach, every <\/span><b>Back<\/b><span style=\"font-weight: 400;\"> I practice, every sophrology session I do, I do it for the sole purpose of making your heart smile. Because when the heart smiles, the body is much lighter! <\/span><b>sophrologie et de breathwork qui est une technique de respiration consciente et connect\u00e9 qui vous permet de retrouver la paix int\u00e9rieur, et l\u2019EFT\u2026 <\/b><span style=\"font-weight: 400;\">que je r\u00e9alise, je le fais dans l\u2019unique but de faire sourire votre c\u0153ur. Car quand le c\u0153ur sourit, le corps est bien plus l\u00e9ger !<\/span><\/p>\t\t\t\t\t\t\t\t<\/div>\n\t\t\t\t<\/div>\n\t\t\t\t\t<\/div>\n\t\t<\/div>\n\t\t\t\t\t<\/div>\n\t\t<\/section>\n\t\t\t\t<section class=\"elementor-section elementor-top-section elementor-element elementor-element-ee88863 elementor-section-boxed elementor-section-height-default elementor-section-height-default\" data-id=\"ee88863\" data-element_type=\"section\" data-e-type=\"section\" data-settings=\"{&quot;background_background&quot;:&quot;classic&quot;}\">\n\t\t\t\t\t\t<div class=\"elementor-container elementor-column-gap-default\">\n\t\t\t\t\t<div class=\"elementor-column elementor-col-100 elementor-top-column elementor-element elementor-element-729f0d6\" data-id=\"729f0d6\" data-element_type=\"column\" data-e-type=\"column\">\n\t\t\t<div class=\"elementor-widget-wrap elementor-element-populated\">\n\t\t\t\t\t\t<div class=\"elementor-element elementor-element-7955abc elementor-widget elementor-widget-heading\" data-id=\"7955abc\" data-element_type=\"widget\" data-e-type=\"widget\" data-widget_type=\"heading.default\">\n\t\t\t\t<div class=\"elementor-widget-container\">\n\t\t\t\t\t<h2 class=\"elementor-heading-title elementor-size-default\">The philosophy of Rituals Home<\/h2>\t\t\t\t<\/div>\n\t\t\t\t<\/div>\n\t\t\t\t<div class=\"elementor-element elementor-element-a3bea35 elementor-widget elementor-widget-text-editor\" data-id=\"a3bea35\" data-element_type=\"widget\" data-e-type=\"widget\" data-widget_type=\"text-editor.default\">\n\t\t\t\t<div class=\"elementor-widget-container\">\n\t\t\t\t\t\t\t\t\t<p><b>My approach is holistic<\/b><span style=\"font-weight: 400;\"> : I work with you to help you feel better every day, in your body and in your head!<br \/>\u00a0Whether through physical or aesthetic treatments - such as <\/span><span style=\"text-decoration: underline;\"><b><a href=\"https:\/\/rituals-home.com\/en\/les-soins-renata-franca\/le-drainage-lymphatique\/\">lymphatic massage<\/a><\/b><\/span> or <a href=\"https:\/\/rituals-home.com\/en\/les-soins-renata-franca\/soin-remodelant\/\"><b><span style=\"text-decoration: underline;\">reshaping massages<\/span><\/b><\/a>through support around the management of your emotions or self-confidence thanks to <a href=\"https:\/\/rituals-home.com\/en\/sophrologie\/\"><b><span style=\"text-decoration: underline;\">The philosophy of Rituals Home<\/span><\/b><\/a> et le Breathwork, le ice Bath, ou par la pratique du<span style=\"text-decoration: underline;\"><b> <a href=\"https:\/\/rituals-home.com\/en\/yoga\/\">yoga<\/a><\/b><\/span><span style=\"font-weight: 400;\"> to help your body move. It is a global support to allow you to leave nothing to a fluke and to be able to move forward lighter.<\/span><\/p><p class=\"translation-block\"><b>My approach is complete<\/b>: for me, the body and the mind are linked, a tense body will find it difficult to anchor itself. It will be difficult to love a swollen body, a body that we feel escaping us. By working with Thai oil massages to relax you, sculpting massages, shaping massages and anti-cellulite massages to regain the tone you have lost, supplementing with yoga to continue to gently build muscle and <b>guided meditations<\/b> to relearn how to love yourself.<\/p><p><span style=\"font-weight: 400;\">My approach is that of a companion: we work together on your blockages, whether physical or emotional, but above all we work gently. The goal is not to suffer but to free oneself, from toxins and negative emotions.<\/span><\/p>\t\t\t\t\t\t\t\t<\/div>\n\t\t\t\t<\/div>\n\t\t\t\t\t<\/div>\n\t\t<\/div>\n\t\t\t\t\t<\/div>\n\t\t<\/section>\n\t\t\t\t<section class=\"elementor-section elementor-top-section elementor-element elementor-element-4606da8 elementor-section-boxed elementor-section-height-default elementor-section-height-default\" data-id=\"4606da8\" data-element_type=\"section\" data-e-type=\"section\" data-settings=\"{&quot;background_background&quot;:&quot;classic&quot;}\">\n\t\t\t\t\t\t\t<div class=\"elementor-background-overlay\"><\/div>\n\t\t\t\t\t\t\t<div class=\"elementor-container elementor-column-gap-default\">\n\t\t\t\t\t<div class=\"elementor-column elementor-col-100 elementor-top-column elementor-element elementor-element-18c0654\" data-id=\"18c0654\" data-element_type=\"column\" data-e-type=\"column\" data-settings=\"{&quot;background_background&quot;:&quot;classic&quot;}\">\n\t\t\t<div class=\"elementor-widget-wrap elementor-element-populated\">\n\t\t\t\t\t\t<section class=\"elementor-section elementor-inner-section elementor-element elementor-element-d33d5d1 elementor-section-full_width elementor-section-height-default elementor-section-height-default\" data-id=\"d33d5d1\" data-element_type=\"section\" data-e-type=\"section\">\n\t\t\t\t\t\t<div class=\"elementor-container elementor-column-gap-default\">\n\t\t\t\t\t<div class=\"elementor-column elementor-col-33 elementor-inner-column elementor-element elementor-element-9902eea\" data-id=\"9902eea\" data-element_type=\"column\" data-e-type=\"column\">\n\t\t\t<div class=\"elementor-widget-wrap elementor-element-populated\">\n\t\t\t\t\t\t<div class=\"elementor-element elementor-element-5207943 elementor-widget elementor-widget-image\" data-id=\"5207943\" data-element_type=\"widget\" data-e-type=\"widget\" data-widget_type=\"image.default\">\n\t\t\t\t<div class=\"elementor-widget-container\">\n\t\t\t\t\t\t\t\t\t\t\t\t\t\t\t\t<a href=\"https:\/\/rituals-home.com\/wp-content\/uploads\/2021\/12\/Anahata_Cevennes0132-1-scaled.jpg\" data-elementor-open-lightbox=\"yes\" data-elementor-lightbox-title=\"Anahata_Cevennes0132\" data-e-action-hash=\"#elementor-action%3Aaction%3Dlightbox%26settings%3DeyJpZCI6MTU2MiwidXJsIjoiaHR0cHM6XC9cL3JpdHVhbHMtaG9tZS5jb21cL3dwLWNvbnRlbnRcL3VwbG9hZHNcLzIwMjFcLzEyXC9BbmFoYXRhX0NldmVubmVzMDEzMi0xLXNjYWxlZC5qcGcifQ%3D%3D\">\n\t\t\t\t\t\t\t<img fetchpriority=\"high\" decoding=\"async\" width=\"1024\" height=\"819\" src=\"https:\/\/rituals-home.com\/wp-content\/uploads\/2021\/12\/Anahata_Cevennes0132-1-1024x819.jpg\" class=\"attachment-large size-large wp-image-1562\" alt=\"\" srcset=\"https:\/\/rituals-home.com\/wp-content\/uploads\/2021\/12\/Anahata_Cevennes0132-1-1024x819.jpg 1024w, https:\/\/rituals-home.com\/wp-content\/uploads\/2021\/12\/Anahata_Cevennes0132-1-300x240.jpg 300w, https:\/\/rituals-home.com\/wp-content\/uploads\/2021\/12\/Anahata_Cevennes0132-1-768x614.jpg 768w, https:\/\/rituals-home.com\/wp-content\/uploads\/2021\/12\/Anahata_Cevennes0132-1-1536x1229.jpg 1536w, https:\/\/rituals-home.com\/wp-content\/uploads\/2021\/12\/Anahata_Cevennes0132-1-2048x1639.jpg 2048w\" sizes=\"(max-width: 1024px) 100vw, 1024px\" \/>\t\t\t\t\t\t\t\t<\/a>\n\t\t\t\t\t\t\t\t\t\t\t\t\t\t\t<\/div>\n\t\t\t\t<\/div>\n\t\t\t\t\t<\/div>\n\t\t<\/div>\n\t\t\t\t<div class=\"elementor-column elementor-col-33 elementor-inner-column elementor-element elementor-element-ba151ce\" data-id=\"ba151ce\" data-element_type=\"column\" data-e-type=\"column\">\n\t\t\t<div class=\"elementor-widget-wrap elementor-element-populated\">\n\t\t\t\t\t\t<div class=\"elementor-element elementor-element-42aba35 elementor-widget elementor-widget-image\" data-id=\"42aba35\" data-element_type=\"widget\" data-e-type=\"widget\" data-widget_type=\"image.default\">\n\t\t\t\t<div class=\"elementor-widget-container\">\n\t\t\t\t\t\t\t\t\t\t\t\t\t\t\t\t<a href=\"https:\/\/rituals-home.com\/en\/soins-massages\/\">\n\t\t\t\t\t\t\t<img decoding=\"async\" width=\"1024\" height=\"819\" src=\"https:\/\/rituals-home.com\/wp-content\/uploads\/2021\/12\/pexels-erin-profaci-1573240-1024x819.jpg\" class=\"attachment-large size-large wp-image-1563\" alt=\"\" srcset=\"https:\/\/rituals-home.com\/wp-content\/uploads\/2021\/12\/pexels-erin-profaci-1573240-1024x819.jpg 1024w, https:\/\/rituals-home.com\/wp-content\/uploads\/2021\/12\/pexels-erin-profaci-1573240-300x240.jpg 300w, https:\/\/rituals-home.com\/wp-content\/uploads\/2021\/12\/pexels-erin-profaci-1573240-768x614.jpg 768w, https:\/\/rituals-home.com\/wp-content\/uploads\/2021\/12\/pexels-erin-profaci-1573240-1536x1229.jpg 1536w, https:\/\/rituals-home.com\/wp-content\/uploads\/2021\/12\/pexels-erin-profaci-1573240-2048x1638.jpg 2048w\" sizes=\"(max-width: 1024px) 100vw, 1024px\" \/>\t\t\t\t\t\t\t\t<\/a>\n\t\t\t\t\t\t\t\t\t\t\t\t\t\t\t<\/div>\n\t\t\t\t<\/div>\n\t\t\t\t\t<\/div>\n\t\t<\/div>\n\t\t\t\t<div class=\"elementor-column elementor-col-33 elementor-inner-column elementor-element elementor-element-3808efc\" data-id=\"3808efc\" data-element_type=\"column\" data-e-type=\"column\">\n\t\t\t<div class=\"elementor-widget-wrap elementor-element-populated\">\n\t\t\t\t\t\t<div class=\"elementor-element elementor-element-bfebf05 elementor-widget elementor-widget-image\" data-id=\"bfebf05\" data-element_type=\"widget\" data-e-type=\"widget\" data-widget_type=\"image.default\">\n\t\t\t\t<div class=\"elementor-widget-container\">\n\t\t\t\t\t\t\t\t\t\t\t\t\t\t\t\t<a href=\"https:\/\/rituals-home.com\/en\/soins-massages\/\">\n\t\t\t\t\t\t\t<img decoding=\"async\" width=\"1024\" height=\"820\" src=\"https:\/\/rituals-home.com\/wp-content\/uploads\/2021\/12\/FLO200921_018-1024x820.jpg\" class=\"attachment-large size-large wp-image-1561\" alt=\"\" srcset=\"https:\/\/rituals-home.com\/wp-content\/uploads\/2021\/12\/FLO200921_018-1024x820.jpg 1024w, https:\/\/rituals-home.com\/wp-content\/uploads\/2021\/12\/FLO200921_018-300x240.jpg 300w, https:\/\/rituals-home.com\/wp-content\/uploads\/2021\/12\/FLO200921_018-768x615.jpg 768w, https:\/\/rituals-home.com\/wp-content\/uploads\/2021\/12\/FLO200921_018-1536x1229.jpg 1536w, https:\/\/rituals-home.com\/wp-content\/uploads\/2021\/12\/FLO200921_018-2048x1639.jpg 2048w\" sizes=\"(max-width: 1024px) 100vw, 1024px\" \/>\t\t\t\t\t\t\t\t<\/a>\n\t\t\t\t\t\t\t\t\t\t\t\t\t\t\t<\/div>\n\t\t\t\t<\/div>\n\t\t\t\t\t<\/div>\n\t\t<\/div>\n\t\t\t\t\t<\/div>\n\t\t<\/section>\n\t\t\t\t\t<\/div>\n\t\t<\/div>\n\t\t\t\t\t<\/div>\n\t\t<\/section>\n\t\t\t\t<section class=\"elementor-section elementor-top-section elementor-element elementor-element-ce36068 elementor-section-boxed elementor-section-height-default elementor-section-height-default\" data-id=\"ce36068\" data-element_type=\"section\" data-e-type=\"section\" data-settings=\"{&quot;background_background&quot;:&quot;classic&quot;}\">\n\t\t\t\t\t\t\t<div class=\"elementor-background-overlay\"><\/div>\n\t\t\t\t\t\t\t<div class=\"elementor-container elementor-column-gap-default\">\n\t\t\t\t\t<div class=\"elementor-column elementor-col-100 elementor-top-column elementor-element elementor-element-7a62cb0\" data-id=\"7a62cb0\" data-element_type=\"column\" data-e-type=\"column\">\n\t\t\t<div class=\"elementor-widget-wrap elementor-element-populated\">\n\t\t\t\t\t\t<div class=\"elementor-element elementor-element-ff671c6 elementor-widget elementor-widget-text-editor\" data-id=\"ff671c6\" data-element_type=\"widget\" data-e-type=\"widget\" data-widget_type=\"text-editor.default\">\n\t\t\t\t<div class=\"elementor-widget-container\">\n\t\t\t\t\t\t\t\t\t<p class=\"translation-block\">Would you like to know more about my offers and my support? <br>Do not hesitate to contact me!<\/p>\t\t\t\t\t\t\t\t<\/div>\n\t\t\t\t<\/div>\n\t\t\t\t<section class=\"elementor-section elementor-inner-section elementor-element elementor-element-2255a2d elementor-section-boxed elementor-section-height-default elementor-section-height-default\" data-id=\"2255a2d\" data-element_type=\"section\" data-e-type=\"section\">\n\t\t\t\t\t\t<div class=\"elementor-container elementor-column-gap-default\">\n\t\t\t\t\t<div class=\"elementor-column elementor-col-100 elementor-inner-column elementor-element elementor-element-72a8075\" data-id=\"72a8075\" data-element_type=\"column\" data-e-type=\"column\">\n\t\t\t<div class=\"elementor-widget-wrap elementor-element-populated\">\n\t\t\t\t\t\t<div class=\"elementor-element elementor-element-140f148 elementor-align-center elementor-widget elementor-widget-button\" data-id=\"140f148\" data-element_type=\"widget\" data-e-type=\"widget\" data-widget_type=\"button.default\">\n\t\t\t\t<div class=\"elementor-widget-container\">\n\t\t\t\t\t\t\t\t\t<div class=\"elementor-button-wrapper\">\n\t\t\t\t\t<a class=\"elementor-button elementor-button-link elementor-size-lg\" href=\"https:\/\/rituals-home.com\/en\/me-contacter\/\">\n\t\t\t\t\t\t<span class=\"elementor-button-content-wrapper\">\n\t\t\t\t\t\t\t\t\t<span class=\"elementor-button-text\">Contact me<\/span>\n\t\t\t\t\t<\/span>\n\t\t\t\t\t<\/a>\n\t\t\t\t<\/div>\n\t\t\t\t\t\t\t\t<\/div>\n\t\t\t\t<\/div>\n\t\t\t\t\t<\/div>\n\t\t<\/div>\n\t\t\t\t\t<\/div>\n\t\t<\/section>\n\t\t\t\t\t<\/div>\n\t\t<\/div>\n\t\t\t\t\t<\/div>\n\t\t<\/section>\n\t\t\t\t<\/div>","protected":false},"excerpt":{"rendered":"<p>Philosophie et approche Aujourd\u2019hui, tout va trop vite&#8230; Le temps d\u00e9file et nos vies ont tendance \u00e0 nous \u00e9chapper. On en oublie m\u00eame de respirer ! Pourtant, la respiration est essentielle \u00e0 notre survie : elle nous permet de g\u00e9rer nos \u00e9motions, de travailler notre corps physique, de (sur)vivre. C\u2019est pourquoi je vous accompagne au [&hellip;]<\/p>\n","protected":false},"author":1,"featured_media":0,"parent":16,"menu_order":0,"comment_status":"closed","ping_status":"closed","template":"","meta":{"site-sidebar-layout":"no-sidebar","site-content-layout":"page-builder","ast-site-content-layout":"full-width-container","site-content-style":"unboxed","site-sidebar-style":"unboxed","ast-global-header-display":"","ast-banner-title-visibility":"","ast-main-header-display":"","ast-hfb-above-header-display":"","ast-hfb-below-header-display":"","ast-hfb-mobile-header-display":"","site-post-title":"disabled","ast-breadcrumbs-content":"","ast-featured-img":"disabled","footer-sml-layout":"","ast-disable-related-posts":"","theme-transparent-header-meta":"","adv-header-id-meta":"","stick-header-meta":"","header-above-stick-meta":"","header-main-stick-meta":"","header-below-stick-meta":"","astra-migrate-meta-layouts":"set","ast-page-background-enabled":"default","ast-page-background-meta":{"desktop":{"background-color":"var(--ast-global-color-4)","background-image":"","background-repeat":"repeat","background-position":"center center","background-size":"auto","background-attachment":"scroll","background-type":"","background-media":"","overlay-type":"","overlay-color":"","overlay-opacity":"","overlay-gradient":""},"tablet":{"background-color":"","background-image":"","background-repeat":"repeat","background-position":"center center","background-size":"auto","background-attachment":"scroll","background-type":"","background-media":"","overlay-type":"","overlay-color":"","overlay-opacity":"","overlay-gradient":""},"mobile":{"background-color":"","background-image":"","background-repeat":"repeat","background-position":"center center","background-size":"auto","background-attachment":"scroll","background-type":"","background-media":"","overlay-type":"","overlay-color":"","overlay-opacity":"","overlay-gradient":""}},"ast-content-background-meta":{"desktop":{"background-color":"var(--ast-global-color-5)","background-image":"","background-repeat":"repeat","background-position":"center center","background-size":"auto","background-attachment":"scroll","background-type":"","background-media":"","overlay-type":"","overlay-color":"","overlay-opacity":"","overlay-gradient":""},"tablet":{"background-color":"var(--ast-global-color-5)","background-image":"","background-repeat":"repeat","background-position":"center center","background-size":"auto","background-attachment":"scroll","background-type":"","background-media":"","overlay-type":"","overlay-color":"","overlay-opacity":"","overlay-gradient":""},"mobile":{"background-color":"var(--ast-global-color-5)","background-image":"","background-repeat":"repeat","background-position":"center center","background-size":"auto","background-attachment":"scroll","background-type":"","background-media":"","overlay-type":"","overlay-color":"","overlay-opacity":"","overlay-gradient":""}},"footnotes":""},"class_list":["post-1030","page","type-page","status-publish","hentry"],"_links":{"self":[{"href":"https:\/\/rituals-home.com\/en\/wp-json\/wp\/v2\/pages\/1030","targetHints":{"allow":["GET"]}}],"collection":[{"href":"https:\/\/rituals-home.com\/en\/wp-json\/wp\/v2\/pages"}],"about":[{"href":"https:\/\/rituals-home.com\/en\/wp-json\/wp\/v2\/types\/page"}],"author":[{"embeddable":true,"href":"https:\/\/rituals-home.com\/en\/wp-json\/wp\/v2\/users\/1"}],"replies":[{"embeddable":true,"href":"https:\/\/rituals-home.com\/en\/wp-json\/wp\/v2\/comments?post=1030"}],"version-history":[{"count":51,"href":"https:\/\/rituals-home.com\/en\/wp-json\/wp\/v2\/pages\/1030\/revisions"}],"predecessor-version":[{"id":2785,"href":"https:\/\/rituals-home.com\/en\/wp-json\/wp\/v2\/pages\/1030\/revisions\/2785"}],"up":[{"embeddable":true,"href":"https:\/\/rituals-home.com\/en\/wp-json\/wp\/v2\/pages\/16"}],"wp:attachment":[{"href":"https:\/\/rituals-home.com\/en\/wp-json\/wp\/v2\/media?parent=1030"}],"curies":[{"name":"wp","href":"https:\/\/api.w.org\/{rel}","templated":true}]}}