{"id":1031,"date":"2021-12-20T10:47:02","date_gmt":"2021-12-20T10:47:02","guid":{"rendered":"https:\/\/rituals-home.com\/?page_id=1031"},"modified":"2024-01-20T18:39:44","modified_gmt":"2024-01-20T18:39:44","slug":"mon-parcours","status":"publish","type":"page","link":"https:\/\/rituals-home.com\/en\/rituals-home\/mon-parcours\/","title":{"rendered":"My journey"},"content":{"rendered":"<div data-elementor-type=\"wp-page\" data-elementor-id=\"1031\" class=\"elementor elementor-1031\" data-elementor-post-type=\"page\">\n\t\t\t\t\t\t<section class=\"elementor-section elementor-top-section elementor-element elementor-element-367ad77 elementor-section-height-min-height elementor-section-items-stretch elementor-section-content-middle elementor-section-full_width elementor-section-height-default\" data-id=\"367ad77\" data-element_type=\"section\" data-e-type=\"section\" data-settings=\"{&quot;background_background&quot;:&quot;classic&quot;}\">\n\t\t\t\t\t\t\t<div class=\"elementor-background-overlay\"><\/div>\n\t\t\t\t\t\t\t<div class=\"elementor-container elementor-column-gap-default\">\n\t\t\t\t\t<div class=\"elementor-column elementor-col-100 elementor-top-column elementor-element elementor-element-bd76c37\" data-id=\"bd76c37\" data-element_type=\"column\" data-e-type=\"column\">\n\t\t\t<div class=\"elementor-widget-wrap elementor-element-populated\">\n\t\t\t\t\t\t<div class=\"elementor-element elementor-element-873a021 elementor-widget elementor-widget-heading\" data-id=\"873a021\" data-element_type=\"widget\" data-e-type=\"widget\" data-widget_type=\"heading.default\">\n\t\t\t\t<div class=\"elementor-widget-container\">\n\t\t\t\t\t<h1 class=\"elementor-heading-title elementor-size-default\">Florence\u2019s journey<\/h1>\t\t\t\t<\/div>\n\t\t\t\t<\/div>\n\t\t\t\t\t<\/div>\n\t\t<\/div>\n\t\t\t\t\t<\/div>\n\t\t<\/section>\n\t\t\t\t<section class=\"elementor-section elementor-top-section elementor-element elementor-element-93af347 elementor-section-boxed elementor-section-height-default elementor-section-height-default\" data-id=\"93af347\" data-element_type=\"section\" data-e-type=\"section\">\n\t\t\t\t\t\t<div class=\"elementor-container elementor-column-gap-default\">\n\t\t\t\t\t<div class=\"elementor-column elementor-col-100 elementor-top-column elementor-element elementor-element-89dcde6\" data-id=\"89dcde6\" data-element_type=\"column\" data-e-type=\"column\">\n\t\t\t<div class=\"elementor-widget-wrap\">\n\t\t\t\t\t\t\t<\/div>\n\t\t<\/div>\n\t\t\t\t\t<\/div>\n\t\t<\/section>\n\t\t\t\t<section class=\"elementor-section elementor-top-section elementor-element elementor-element-268df1d elementor-section-boxed elementor-section-height-default elementor-section-height-default\" data-id=\"268df1d\" data-element_type=\"section\" data-e-type=\"section\" data-settings=\"{&quot;background_background&quot;:&quot;classic&quot;}\">\n\t\t\t\t\t\t<div class=\"elementor-container elementor-column-gap-default\">\n\t\t\t\t\t<div class=\"elementor-column elementor-col-100 elementor-top-column elementor-element elementor-element-2c5052f\" data-id=\"2c5052f\" data-element_type=\"column\" data-e-type=\"column\">\n\t\t\t<div class=\"elementor-widget-wrap elementor-element-populated\">\n\t\t\t\t\t\t<div class=\"elementor-element elementor-element-d8aa49a elementor-widget elementor-widget-text-editor\" data-id=\"d8aa49a\" data-element_type=\"widget\" data-e-type=\"widget\" data-widget_type=\"text-editor.default\">\n\t\t\t\t<div class=\"elementor-widget-container\">\n\t\t\t\t\t\t\t\t\t<p><span style=\"font-weight: 400;\">Il est toujours difficile ce moment o\u00f9 on doit se pr\u00e9senter, entrer dans une case plut\u00f4t qu\u2019une autre\u2026 Je suis Florence, j&rsquo;ai \u00e9t\u00e9 <\/span>expatri\u00e9e \u00e0 Duba\u00ef et je suis maintenant revenue dans le bassin d\u2019Arcachon<span style=\"font-weight: 400;\">. Je suis une \u00e9picurienne plurielle et mon parcours est loin d\u2019\u00eatre typique. Il est la trace de mon chemin vers l&rsquo;<\/span><b>accompagnement bien-\u00eatre<\/b><span style=\"font-weight: 400;\">.<\/span><\/p><p class=\"translation-block\">It all started ten years ago when I was working in the real estate business. I felt that something had to change, I had to listen to myself. This is how I started to train in relaxation therapy, needing to redirect myself to a profession that made more sense to me. I then became a graduate <b>sophrologist<\/b>. This is a step towards my life mission, I can feel it. But I'm missing something.<\/p>\t\t\t\t\t\t\t\t<\/div>\n\t\t\t\t<\/div>\n\t\t\t\t\t<\/div>\n\t\t<\/div>\n\t\t\t\t\t<\/div>\n\t\t<\/section>\n\t\t\t\t<section class=\"elementor-section elementor-top-section elementor-element elementor-element-ee88863 elementor-section-boxed elementor-section-height-default elementor-section-height-default\" data-id=\"ee88863\" data-element_type=\"section\" data-e-type=\"section\" data-settings=\"{&quot;background_background&quot;:&quot;classic&quot;}\">\n\t\t\t\t\t\t<div class=\"elementor-container elementor-column-gap-default\">\n\t\t\t\t\t<div class=\"elementor-column elementor-col-100 elementor-top-column elementor-element elementor-element-729f0d6\" data-id=\"729f0d6\" data-element_type=\"column\" data-e-type=\"column\">\n\t\t\t<div class=\"elementor-widget-wrap elementor-element-populated\">\n\t\t\t\t\t\t<div class=\"elementor-element elementor-element-7955abc elementor-widget elementor-widget-heading\" data-id=\"7955abc\" data-element_type=\"widget\" data-e-type=\"widget\" data-widget_type=\"heading.default\">\n\t\t\t\t<div class=\"elementor-widget-container\">\n\t\t\t\t\t<h2 class=\"elementor-heading-title elementor-size-default\">Yogini and certified yoga teacher<\/h2>\t\t\t\t<\/div>\n\t\t\t\t<\/div>\n\t\t\t\t<div class=\"elementor-element elementor-element-a3bea35 elementor-widget elementor-widget-text-editor\" data-id=\"a3bea35\" data-element_type=\"widget\" data-e-type=\"widget\" data-widget_type=\"text-editor.default\">\n\t\t\t\t<div class=\"elementor-widget-container\">\n\t\t\t\t\t\t\t\t\t<p class=\"translation-block\">I decided to take a <b>Hatha Yoga teacher<\/b> training course in India. So I take the plane to Rishikesh, India, where I register for a 200 hour learning in an ashram, to soak up and integrate the values, the purest teaching and the philosophy of Yoga. Classes are in English, the pace takes me completely out of my comfort zone, but I come back to France armed with a new diploma and a new vision of the world. I continue in this direction by adding <b>Yin Yoga<\/b> and <b>pre and post-natal yoga<\/b> to my practices.<\/p>\n<p><span style=\"font-weight: 400;\">I feel that everything is becoming clearer, but my puzzle is still missing pieces: I want to help and accompany others, to be able to make hearts smile.<\/span><\/p>\t\t\t\t\t\t\t\t<\/div>\n\t\t\t\t<\/div>\n\t\t\t\t\t<\/div>\n\t\t<\/div>\n\t\t\t\t\t<\/div>\n\t\t<\/section>\n\t\t\t\t<section class=\"elementor-section elementor-top-section elementor-element elementor-element-55f64cb elementor-section-boxed elementor-section-height-default elementor-section-height-default\" data-id=\"55f64cb\" data-element_type=\"section\" data-e-type=\"section\" data-settings=\"{&quot;background_background&quot;:&quot;classic&quot;}\">\n\t\t\t\t\t\t\t<div class=\"elementor-background-overlay\"><\/div>\n\t\t\t\t\t\t\t<div class=\"elementor-container elementor-column-gap-default\">\n\t\t\t\t\t<div class=\"elementor-column elementor-col-100 elementor-top-column elementor-element elementor-element-7025451\" data-id=\"7025451\" data-element_type=\"column\" data-e-type=\"column\" data-settings=\"{&quot;background_background&quot;:&quot;classic&quot;}\">\n\t\t\t<div class=\"elementor-widget-wrap elementor-element-populated\">\n\t\t\t\t\t\t<section class=\"elementor-section elementor-inner-section elementor-element elementor-element-20e53a0 elementor-section-full_width elementor-section-height-default elementor-section-height-default\" data-id=\"20e53a0\" data-element_type=\"section\" data-e-type=\"section\">\n\t\t\t\t\t\t<div class=\"elementor-container elementor-column-gap-default\">\n\t\t\t\t\t<div class=\"elementor-column elementor-col-33 elementor-inner-column elementor-element elementor-element-c1dc564\" data-id=\"c1dc564\" data-element_type=\"column\" data-e-type=\"column\">\n\t\t\t<div class=\"elementor-widget-wrap elementor-element-populated\">\n\t\t\t\t\t\t<div class=\"elementor-element elementor-element-0f640bd elementor-widget elementor-widget-image\" data-id=\"0f640bd\" data-element_type=\"widget\" data-e-type=\"widget\" data-widget_type=\"image.default\">\n\t\t\t\t<div class=\"elementor-widget-container\">\n\t\t\t\t\t\t\t\t\t\t\t\t\t\t\t\t<a href=\"https:\/\/rituals-home.com\/en\/soins-massages\/\">\n\t\t\t\t\t\t\t<img fetchpriority=\"high\" decoding=\"async\" width=\"1024\" height=\"1024\" src=\"https:\/\/rituals-home.com\/wp-content\/uploads\/2021\/12\/pexels-fotografierende-3050829-1024x1024.jpg\" class=\"attachment-large size-large wp-image-1357\" alt=\"\" srcset=\"https:\/\/rituals-home.com\/wp-content\/uploads\/2021\/12\/pexels-fotografierende-3050829-1024x1024.jpg 1024w, https:\/\/rituals-home.com\/wp-content\/uploads\/2021\/12\/pexels-fotografierende-3050829-300x300.jpg 300w, https:\/\/rituals-home.com\/wp-content\/uploads\/2021\/12\/pexels-fotografierende-3050829-150x150.jpg 150w, https:\/\/rituals-home.com\/wp-content\/uploads\/2021\/12\/pexels-fotografierende-3050829-768x768.jpg 768w, https:\/\/rituals-home.com\/wp-content\/uploads\/2021\/12\/pexels-fotografierende-3050829-1536x1536.jpg 1536w, https:\/\/rituals-home.com\/wp-content\/uploads\/2021\/12\/pexels-fotografierende-3050829-2048x2048.jpg 2048w\" sizes=\"(max-width: 1024px) 100vw, 1024px\" \/>\t\t\t\t\t\t\t\t<\/a>\n\t\t\t\t\t\t\t\t\t\t\t\t\t\t\t<\/div>\n\t\t\t\t<\/div>\n\t\t\t\t\t<\/div>\n\t\t<\/div>\n\t\t\t\t<div class=\"elementor-column elementor-col-33 elementor-inner-column elementor-element elementor-element-0dac56b\" data-id=\"0dac56b\" data-element_type=\"column\" data-e-type=\"column\">\n\t\t\t<div class=\"elementor-widget-wrap elementor-element-populated\">\n\t\t\t\t\t\t<div class=\"elementor-element elementor-element-ef60958 elementor-widget elementor-widget-image\" data-id=\"ef60958\" data-element_type=\"widget\" data-e-type=\"widget\" data-widget_type=\"image.default\">\n\t\t\t\t<div class=\"elementor-widget-container\">\n\t\t\t\t\t\t\t\t\t\t\t\t\t\t\t\t<a href=\"https:\/\/rituals-home.com\/wp-content\/uploads\/2021\/12\/FLO200921_002.jpg\" data-elementor-open-lightbox=\"yes\" data-elementor-lightbox-title=\"FLO200921_002\" data-e-action-hash=\"#elementor-action%3Aaction%3Dlightbox%26settings%3DeyJpZCI6MTY1NSwidXJsIjoiaHR0cHM6XC9cL3JpdHVhbHMtaG9tZS5jb21cL3dwLWNvbnRlbnRcL3VwbG9hZHNcLzIwMjFcLzEyXC9GTE8yMDA5MjFfMDAyLmpwZyJ9\">\n\t\t\t\t\t\t\t<img decoding=\"async\" width=\"1024\" height=\"1024\" src=\"https:\/\/rituals-home.com\/wp-content\/uploads\/2021\/12\/FLO200921_002-1024x1024.jpg\" class=\"attachment-large size-large wp-image-1655\" alt=\"\" srcset=\"https:\/\/rituals-home.com\/wp-content\/uploads\/2021\/12\/FLO200921_002-1024x1024.jpg 1024w, https:\/\/rituals-home.com\/wp-content\/uploads\/2021\/12\/FLO200921_002-300x300.jpg 300w, https:\/\/rituals-home.com\/wp-content\/uploads\/2021\/12\/FLO200921_002-150x150.jpg 150w, https:\/\/rituals-home.com\/wp-content\/uploads\/2021\/12\/FLO200921_002-768x768.jpg 768w, https:\/\/rituals-home.com\/wp-content\/uploads\/2021\/12\/FLO200921_002-1536x1536.jpg 1536w, https:\/\/rituals-home.com\/wp-content\/uploads\/2021\/12\/FLO200921_002-2048x2048.jpg 2048w\" sizes=\"(max-width: 1024px) 100vw, 1024px\" \/>\t\t\t\t\t\t\t\t<\/a>\n\t\t\t\t\t\t\t\t\t\t\t\t\t\t\t<\/div>\n\t\t\t\t<\/div>\n\t\t\t\t\t<\/div>\n\t\t<\/div>\n\t\t\t\t<div class=\"elementor-column elementor-col-33 elementor-inner-column elementor-element elementor-element-54e0e1d\" data-id=\"54e0e1d\" data-element_type=\"column\" data-e-type=\"column\">\n\t\t\t<div class=\"elementor-widget-wrap elementor-element-populated\">\n\t\t\t\t\t\t<div class=\"elementor-element elementor-element-4c21202 elementor-widget elementor-widget-image\" data-id=\"4c21202\" data-element_type=\"widget\" data-e-type=\"widget\" data-widget_type=\"image.default\">\n\t\t\t\t<div class=\"elementor-widget-container\">\n\t\t\t\t\t\t\t\t\t\t\t\t\t\t\t\t<a href=\"https:\/\/rituals-home.com\/en\/soins-massages\/\">\n\t\t\t\t\t\t\t<img decoding=\"async\" width=\"1024\" height=\"1024\" src=\"https:\/\/rituals-home.com\/wp-content\/uploads\/2022\/01\/pexels-ruvim-3560044-1024x1024.jpg\" class=\"attachment-large size-large wp-image-1757\" alt=\"\" srcset=\"https:\/\/rituals-home.com\/wp-content\/uploads\/2022\/01\/pexels-ruvim-3560044-1024x1024.jpg 1024w, https:\/\/rituals-home.com\/wp-content\/uploads\/2022\/01\/pexels-ruvim-3560044-300x300.jpg 300w, https:\/\/rituals-home.com\/wp-content\/uploads\/2022\/01\/pexels-ruvim-3560044-150x150.jpg 150w, https:\/\/rituals-home.com\/wp-content\/uploads\/2022\/01\/pexels-ruvim-3560044-768x768.jpg 768w, https:\/\/rituals-home.com\/wp-content\/uploads\/2022\/01\/pexels-ruvim-3560044-1536x1536.jpg 1536w, https:\/\/rituals-home.com\/wp-content\/uploads\/2022\/01\/pexels-ruvim-3560044-2048x2048.jpg 2048w\" sizes=\"(max-width: 1024px) 100vw, 1024px\" \/>\t\t\t\t\t\t\t\t<\/a>\n\t\t\t\t\t\t\t\t\t\t\t\t\t\t\t<\/div>\n\t\t\t\t<\/div>\n\t\t\t\t\t<\/div>\n\t\t<\/div>\n\t\t\t\t\t<\/div>\n\t\t<\/section>\n\t\t\t\t\t<\/div>\n\t\t<\/div>\n\t\t\t\t\t<\/div>\n\t\t<\/section>\n\t\t\t\t<section class=\"elementor-section elementor-top-section elementor-element elementor-element-37a6d2f elementor-section-boxed elementor-section-height-default elementor-section-height-default\" data-id=\"37a6d2f\" data-element_type=\"section\" data-e-type=\"section\" data-settings=\"{&quot;background_background&quot;:&quot;classic&quot;}\">\n\t\t\t\t\t\t<div class=\"elementor-container elementor-column-gap-default\">\n\t\t\t\t\t<div class=\"elementor-column elementor-col-100 elementor-top-column elementor-element elementor-element-a65f832\" data-id=\"a65f832\" data-element_type=\"column\" data-e-type=\"column\">\n\t\t\t<div class=\"elementor-widget-wrap elementor-element-populated\">\n\t\t\t\t\t\t<div class=\"elementor-element elementor-element-7e5c37d elementor-widget elementor-widget-heading\" data-id=\"7e5c37d\" data-element_type=\"widget\" data-e-type=\"widget\" data-widget_type=\"heading.default\">\n\t\t\t\t<div class=\"elementor-widget-container\">\n\t\t\t\t\t<h3 class=\"elementor-heading-title elementor-size-default\">Well-being massages with Renata Franca lymphatic drainage.<\/h3>\t\t\t\t<\/div>\n\t\t\t\t<\/div>\n\t\t\t\t<div class=\"elementor-element elementor-element-fe4fd24 elementor-widget elementor-widget-text-editor\" data-id=\"fe4fd24\" data-element_type=\"widget\" data-e-type=\"widget\" data-widget_type=\"text-editor.default\">\n\t\t\t\t<div class=\"elementor-widget-container\">\n\t\t\t\t\t\t\t\t\t<p><span style=\"font-weight: 400;\">I chose to listen to my intuition and train myself in Thai oil massages, in Ko Pha Ngan in Thailand, with a Thai woman who teaches her know-how - inherited from her grandmother.\u00a0<\/span><\/p><p><span style=\"font-weight: 400;\">As I have a good feeling in my hands, intuitively I feel the blockages in people, so it is only natural that these <\/span><span style=\"text-decoration: underline;\"><b><a href=\"https:\/\/rituals-home.com\/en\/soins-massages\/\">well-being massages<\/a><\/b><\/span><span style=\"font-weight: 400;\"> find their place in my offers.<\/span><\/p><p><span style=\"font-weight: 400;\">And even more recently, I added a new string to my bow to make my massage proposals more complete: <\/span><span style=\"text-decoration: underline;\"><b><a href=\"https:\/\/rituals-home.com\/en\/les-soins-renata-franca\/\">Renata Franca treatments<\/a><\/b><\/span><span style=\"font-weight: 400;\"> : lymphatic <\/span><span style=\"font-weight: 400;\">drainage, M<\/span><span style=\"font-weight: 400;\">iracle Face and shaping treatment. Certified practitioner from Switzerland, I have something to pamper you!<\/span><\/p><p class=\"translation-block\">By founding <b>Rituals Home<\/b>, my goal is to show you that self-love and self-confidence are two things that are cultivated and worked on. It may seem difficult when it is quite possible: yes, we can learn to love ourselves. Whether through the practice of sophrology, EFT, massages (releasing tensions, reshaping the body with Renata Franca massages) or Yoga (Hatha yoga, Yin yoga and post and prenatal yoga).<\/p><p class=\"translation-block\">By combining all these practices, I also organize my spiritual retreats to always share more and to support my students as much as possible.<\/p>\t\t\t\t\t\t\t\t<\/div>\n\t\t\t\t<\/div>\n\t\t\t\t\t<\/div>\n\t\t<\/div>\n\t\t\t\t\t<\/div>\n\t\t<\/section>\n\t\t\t\t<section class=\"elementor-section elementor-top-section elementor-element elementor-element-ce36068 elementor-section-boxed elementor-section-height-default elementor-section-height-default\" data-id=\"ce36068\" data-element_type=\"section\" data-e-type=\"section\" data-settings=\"{&quot;background_background&quot;:&quot;classic&quot;}\">\n\t\t\t\t\t\t\t<div class=\"elementor-background-overlay\"><\/div>\n\t\t\t\t\t\t\t<div class=\"elementor-container elementor-column-gap-default\">\n\t\t\t\t\t<div class=\"elementor-column elementor-col-100 elementor-top-column elementor-element elementor-element-7a62cb0\" data-id=\"7a62cb0\" data-element_type=\"column\" data-e-type=\"column\">\n\t\t\t<div class=\"elementor-widget-wrap elementor-element-populated\">\n\t\t\t\t\t\t<div class=\"elementor-element elementor-element-ff671c6 elementor-widget elementor-widget-text-editor\" data-id=\"ff671c6\" data-element_type=\"widget\" data-e-type=\"widget\" data-widget_type=\"text-editor.default\">\n\t\t\t\t<div class=\"elementor-widget-container\">\n\t\t\t\t\t\t\t\t\t<p><span style=\"font-weight: 400;\">Je peux venir directement chez vous dans le bassin d&rsquo;Arcachon pour vous masser et vous donner un cours de yoga priv\u00e9, ou r\u00e9alise \u00e0 distance, en visioconf\u00e9rence par exemple, des s\u00e9ances de yoga et de sophrologie !\u00a0<\/span><\/p><p class=\"translation-block\">Do you want to find out more about my accompaniments or my offers? Do not hesitate to contact me!<\/p>\t\t\t\t\t\t\t\t<\/div>\n\t\t\t\t<\/div>\n\t\t\t\t<section class=\"elementor-section elementor-inner-section elementor-element elementor-element-2255a2d elementor-section-boxed elementor-section-height-default elementor-section-height-default\" data-id=\"2255a2d\" data-element_type=\"section\" data-e-type=\"section\">\n\t\t\t\t\t\t<div class=\"elementor-container elementor-column-gap-default\">\n\t\t\t\t\t<div class=\"elementor-column elementor-col-100 elementor-inner-column elementor-element elementor-element-72a8075\" data-id=\"72a8075\" data-element_type=\"column\" data-e-type=\"column\">\n\t\t\t<div class=\"elementor-widget-wrap elementor-element-populated\">\n\t\t\t\t\t\t<div class=\"elementor-element elementor-element-140f148 elementor-align-center elementor-widget elementor-widget-button\" data-id=\"140f148\" data-element_type=\"widget\" data-e-type=\"widget\" data-widget_type=\"button.default\">\n\t\t\t\t<div class=\"elementor-widget-container\">\n\t\t\t\t\t\t\t\t\t<div class=\"elementor-button-wrapper\">\n\t\t\t\t\t<a class=\"elementor-button elementor-button-link elementor-size-lg\" href=\"https:\/\/rituals-home.com\/en\/me-contacter\/\">\n\t\t\t\t\t\t<span class=\"elementor-button-content-wrapper\">\n\t\t\t\t\t\t\t\t\t<span class=\"elementor-button-text\">Contact me<\/span>\n\t\t\t\t\t<\/span>\n\t\t\t\t\t<\/a>\n\t\t\t\t<\/div>\n\t\t\t\t\t\t\t\t<\/div>\n\t\t\t\t<\/div>\n\t\t\t\t\t<\/div>\n\t\t<\/div>\n\t\t\t\t\t<\/div>\n\t\t<\/section>\n\t\t\t\t\t<\/div>\n\t\t<\/div>\n\t\t\t\t\t<\/div>\n\t\t<\/section>\n\t\t\t\t<\/div>","protected":false},"excerpt":{"rendered":"<p>Le parcours de Florence Il est toujours difficile ce moment o\u00f9 on doit se pr\u00e9senter, entrer dans une case plut\u00f4t qu\u2019une autre\u2026 Je suis Florence, j&rsquo;ai \u00e9t\u00e9 expatri\u00e9e \u00e0 Duba\u00ef et je suis maintenant revenue dans le bassin d\u2019Arcachon. Je suis une \u00e9picurienne plurielle et mon parcours est loin d\u2019\u00eatre typique. Il est la trace [&hellip;]<\/p>\n","protected":false},"author":1,"featured_media":0,"parent":16,"menu_order":0,"comment_status":"closed","ping_status":"closed","template":"","meta":{"site-sidebar-layout":"no-sidebar","site-content-layout":"page-builder","ast-site-content-layout":"full-width-container","site-content-style":"unboxed","site-sidebar-style":"unboxed","ast-global-header-display":"","ast-banner-title-visibility":"","ast-main-header-display":"","ast-hfb-above-header-display":"","ast-hfb-below-header-display":"","ast-hfb-mobile-header-display":"","site-post-title":"disabled","ast-breadcrumbs-content":"","ast-featured-img":"disabled","footer-sml-layout":"","ast-disable-related-posts":"","theme-transparent-header-meta":"","adv-header-id-meta":"","stick-header-meta":"","header-above-stick-meta":"","header-main-stick-meta":"","header-below-stick-meta":"","astra-migrate-meta-layouts":"set","ast-page-background-enabled":"default","ast-page-background-meta":{"desktop":{"background-color":"var(--ast-global-color-4)","background-image":"","background-repeat":"repeat","background-position":"center center","background-size":"auto","background-attachment":"scroll","background-type":"","background-media":"","overlay-type":"","overlay-color":"","overlay-opacity":"","overlay-gradient":""},"tablet":{"background-color":"","background-image":"","background-repeat":"repeat","background-position":"center center","background-size":"auto","background-attachment":"scroll","background-type":"","background-media":"","overlay-type":"","overlay-color":"","overlay-opacity":"","overlay-gradient":""},"mobile":{"background-color":"","background-image":"","background-repeat":"repeat","background-position":"center center","background-size":"auto","background-attachment":"scroll","background-type":"","background-media":"","overlay-type":"","overlay-color":"","overlay-opacity":"","overlay-gradient":""}},"ast-content-background-meta":{"desktop":{"background-color":"var(--ast-global-color-5)","background-image":"","background-repeat":"repeat","background-position":"center center","background-size":"auto","background-attachment":"scroll","background-type":"","background-media":"","overlay-type":"","overlay-color":"","overlay-opacity":"","overlay-gradient":""},"tablet":{"background-color":"var(--ast-global-color-5)","background-image":"","background-repeat":"repeat","background-position":"center center","background-size":"auto","background-attachment":"scroll","background-type":"","background-media":"","overlay-type":"","overlay-color":"","overlay-opacity":"","overlay-gradient":""},"mobile":{"background-color":"var(--ast-global-color-5)","background-image":"","background-repeat":"repeat","background-position":"center center","background-size":"auto","background-attachment":"scroll","background-type":"","background-media":"","overlay-type":"","overlay-color":"","overlay-opacity":"","overlay-gradient":""}},"footnotes":""},"class_list":["post-1031","page","type-page","status-publish","hentry"],"_links":{"self":[{"href":"https:\/\/rituals-home.com\/en\/wp-json\/wp\/v2\/pages\/1031","targetHints":{"allow":["GET"]}}],"collection":[{"href":"https:\/\/rituals-home.com\/en\/wp-json\/wp\/v2\/pages"}],"about":[{"href":"https:\/\/rituals-home.com\/en\/wp-json\/wp\/v2\/types\/page"}],"author":[{"embeddable":true,"href":"https:\/\/rituals-home.com\/en\/wp-json\/wp\/v2\/users\/1"}],"replies":[{"embeddable":true,"href":"https:\/\/rituals-home.com\/en\/wp-json\/wp\/v2\/comments?post=1031"}],"version-history":[{"count":58,"href":"https:\/\/rituals-home.com\/en\/wp-json\/wp\/v2\/pages\/1031\/revisions"}],"predecessor-version":[{"id":2404,"href":"https:\/\/rituals-home.com\/en\/wp-json\/wp\/v2\/pages\/1031\/revisions\/2404"}],"up":[{"embeddable":true,"href":"https:\/\/rituals-home.com\/en\/wp-json\/wp\/v2\/pages\/16"}],"wp:attachment":[{"href":"https:\/\/rituals-home.com\/en\/wp-json\/wp\/v2\/media?parent=1031"}],"curies":[{"name":"wp","href":"https:\/\/api.w.org\/{rel}","templated":true}]}}