{"id":16,"date":"2021-11-22T10:00:15","date_gmt":"2021-11-22T10:00:15","guid":{"rendered":"https:\/\/rituals-home.com\/?page_id=16"},"modified":"2025-02-05T08:02:49","modified_gmt":"2025-02-05T08:02:49","slug":"rituals-home","status":"publish","type":"page","link":"https:\/\/rituals-home.com\/en\/rituals-home\/","title":{"rendered":"Rituals Home"},"content":{"rendered":"<div data-elementor-type=\"wp-page\" data-elementor-id=\"16\" class=\"elementor elementor-16\" data-elementor-post-type=\"page\">\n\t\t\t\t\t\t<section class=\"elementor-section elementor-top-section elementor-element elementor-element-367ad77 elementor-section-height-min-height elementor-section-items-stretch elementor-section-content-middle elementor-section-boxed elementor-section-height-default\" data-id=\"367ad77\" data-element_type=\"section\" data-e-type=\"section\" data-settings=\"{&quot;background_background&quot;:&quot;classic&quot;}\">\n\t\t\t\t\t\t\t<div class=\"elementor-background-overlay\"><\/div>\n\t\t\t\t\t\t\t<div class=\"elementor-container elementor-column-gap-default\">\n\t\t\t\t\t<div class=\"elementor-column elementor-col-100 elementor-top-column elementor-element elementor-element-bd76c37\" data-id=\"bd76c37\" data-element_type=\"column\" data-e-type=\"column\">\n\t\t\t<div class=\"elementor-widget-wrap elementor-element-populated\">\n\t\t\t\t\t\t<div class=\"elementor-element elementor-element-873a021 elementor-widget elementor-widget-heading\" data-id=\"873a021\" data-element_type=\"widget\" data-e-type=\"widget\" data-widget_type=\"heading.default\">\n\t\t\t\t<div class=\"elementor-widget-container\">\n\t\t\t\t\t<h1 class=\"elementor-heading-title elementor-size-default\">Rituals Home<\/h1>\t\t\t\t<\/div>\n\t\t\t\t<\/div>\n\t\t\t\t\t<\/div>\n\t\t<\/div>\n\t\t\t\t\t<\/div>\n\t\t<\/section>\n\t\t\t\t<section class=\"elementor-section elementor-top-section elementor-element elementor-element-93af347 elementor-section-boxed elementor-section-height-default elementor-section-height-default\" data-id=\"93af347\" data-element_type=\"section\" data-e-type=\"section\">\n\t\t\t\t\t\t<div class=\"elementor-container elementor-column-gap-default\">\n\t\t\t\t\t<div class=\"elementor-column elementor-col-100 elementor-top-column elementor-element elementor-element-89dcde6\" data-id=\"89dcde6\" data-element_type=\"column\" data-e-type=\"column\">\n\t\t\t<div class=\"elementor-widget-wrap\">\n\t\t\t\t\t\t\t<\/div>\n\t\t<\/div>\n\t\t\t\t\t<\/div>\n\t\t<\/section>\n\t\t\t\t<section class=\"elementor-section elementor-top-section elementor-element elementor-element-268df1d elementor-section-boxed elementor-section-height-default elementor-section-height-default\" data-id=\"268df1d\" data-element_type=\"section\" data-e-type=\"section\" data-settings=\"{&quot;background_background&quot;:&quot;classic&quot;}\">\n\t\t\t\t\t\t<div class=\"elementor-container elementor-column-gap-default\">\n\t\t\t\t\t<div class=\"elementor-column elementor-col-100 elementor-top-column elementor-element elementor-element-2c5052f\" data-id=\"2c5052f\" data-element_type=\"column\" data-e-type=\"column\">\n\t\t\t<div class=\"elementor-widget-wrap elementor-element-populated\">\n\t\t\t\t\t\t<div class=\"elementor-element elementor-element-d8aa49a elementor-widget elementor-widget-text-editor\" data-id=\"d8aa49a\" data-element_type=\"widget\" data-e-type=\"widget\" data-widget_type=\"text-editor.default\">\n\t\t\t\t<div class=\"elementor-widget-container\">\n\t\t\t\t\t\t\t\t\t<p><span style=\"font-weight: 400;\">\u201cThrough my work, I want to make people's hearts smile\u201d<\/span><\/p><p><em><span style=\"font-weight: 400;\">\u2014 Florence, coach en brathwork et ice bath, masseuse bien-\u00eatre, sophrologue et professeur de yoga sur Mulhouse et Bale.<\/span><\/em><\/p>\t\t\t\t\t\t\t\t<\/div>\n\t\t\t\t<\/div>\n\t\t\t\t\t<\/div>\n\t\t<\/div>\n\t\t\t\t\t<\/div>\n\t\t<\/section>\n\t\t\t\t<section class=\"elementor-section elementor-top-section elementor-element elementor-element-ee88863 elementor-section-boxed elementor-section-height-default elementor-section-height-default\" data-id=\"ee88863\" data-element_type=\"section\" data-e-type=\"section\" data-settings=\"{&quot;background_background&quot;:&quot;classic&quot;}\">\n\t\t\t\t\t\t<div class=\"elementor-container elementor-column-gap-default\">\n\t\t\t\t\t<div class=\"elementor-column elementor-col-100 elementor-top-column elementor-element elementor-element-729f0d6\" data-id=\"729f0d6\" data-element_type=\"column\" data-e-type=\"column\">\n\t\t\t<div class=\"elementor-widget-wrap elementor-element-populated\">\n\t\t\t\t\t\t<div class=\"elementor-element elementor-element-7955abc elementor-widget elementor-widget-heading\" data-id=\"7955abc\" data-element_type=\"widget\" data-e-type=\"widget\" data-widget_type=\"heading.default\">\n\t\t\t\t<div class=\"elementor-widget-container\">\n\t\t\t\t\t<h2 class=\"elementor-heading-title elementor-size-default\">Rituals Home by Flo<br> a wellness treatment brand imagined by Florence<\/h2>\t\t\t\t<\/div>\n\t\t\t\t<\/div>\n\t\t\t\t<div class=\"elementor-element elementor-element-a3bea35 elementor-widget elementor-widget-text-editor\" data-id=\"a3bea35\" data-element_type=\"widget\" data-e-type=\"widget\" data-widget_type=\"text-editor.default\">\n\t\t\t\t<div class=\"elementor-widget-container\">\n\t\t\t\t\t\t\t\t\t<p><span style=\"font-weight: 400;\">If I were asked for a Chinese portrait, I could give the words \"well-being\", \"sensitivity\" and \"trust\". Each of them represents me but they are not the only ones.<\/span><\/p><p class=\"translation-block\"><b>Well-being<\/b> is my way of life, my profession. The basis of what makes me up, because my wish is to sow well-being around me.<\/p><p><span style=\"font-weight: 400;\">La <\/span><b>sensibilit\u00e9<\/b><span style=\"font-weight: 400;\">, c\u2019est la mienne, celle qui me permet de guider mes \u00e9l\u00e8ves avec douceur et empathie. La douleur ne fait pas partie de ma pratique, dans le yoga comme dans mon m\u00e9tier de masseuse, le but de mon approche est de se faire du bien, de se lib\u00e9rer des tensions et des toxines et non de repartir bless\u00e9. C\u2019est pourquoi, je travaille avec justesse et de mani\u00e8re appliqu\u00e9e sur chaque soin \u00e9nerg\u00e9tique, Massage, cours de Yoga ou s\u00e9ance de Breathwork, afin que ce soit une exp\u00e9rience unique et positive.<\/span><\/p><p><span style=\"font-weight: 400;\">La <\/span><b>confiance<\/b><span style=\"font-weight: 400;\">, celle en l\u2019univers qui m\u2019\u00e9coute chaque jour, mais aussi la confiance en vous que je vous aide \u00e0 (re)trouver. La confiance en soi et l\u2019amour de soi sont une part importante de mon travail et de mon approche th\u00e9rapeutique et Holistique.<\/span><\/p>\t\t\t\t\t\t\t\t<\/div>\n\t\t\t\t<\/div>\n\t\t\t\t\t<\/div>\n\t\t<\/div>\n\t\t\t\t\t<\/div>\n\t\t<\/section>\n\t\t\t\t<section class=\"elementor-section elementor-top-section elementor-element elementor-element-55f64cb elementor-section-boxed elementor-section-height-default elementor-section-height-default\" data-id=\"55f64cb\" data-element_type=\"section\" data-e-type=\"section\" data-settings=\"{&quot;background_background&quot;:&quot;classic&quot;}\">\n\t\t\t\t\t\t\t<div class=\"elementor-background-overlay\"><\/div>\n\t\t\t\t\t\t\t<div class=\"elementor-container elementor-column-gap-default\">\n\t\t\t\t\t<div class=\"elementor-column elementor-col-100 elementor-top-column elementor-element elementor-element-7025451\" data-id=\"7025451\" data-element_type=\"column\" data-e-type=\"column\" data-settings=\"{&quot;background_background&quot;:&quot;classic&quot;}\">\n\t\t\t<div class=\"elementor-widget-wrap elementor-element-populated\">\n\t\t\t\t\t\t<section class=\"elementor-section elementor-inner-section elementor-element elementor-element-20e53a0 elementor-section-full_width elementor-section-height-default elementor-section-height-default\" data-id=\"20e53a0\" data-element_type=\"section\" data-e-type=\"section\">\n\t\t\t\t\t\t<div class=\"elementor-container elementor-column-gap-default\">\n\t\t\t\t\t<div class=\"elementor-column elementor-col-50 elementor-inner-column elementor-element elementor-element-0dac56b\" data-id=\"0dac56b\" data-element_type=\"column\" data-e-type=\"column\">\n\t\t\t<div class=\"elementor-widget-wrap elementor-element-populated\">\n\t\t\t\t\t\t<div class=\"elementor-element elementor-element-ef60958 elementor-widget elementor-widget-image\" data-id=\"ef60958\" data-element_type=\"widget\" data-e-type=\"widget\" data-widget_type=\"image.default\">\n\t\t\t\t<div class=\"elementor-widget-container\">\n\t\t\t\t\t\t\t\t\t\t\t\t\t\t\t\t<a href=\"https:\/\/rituals-home.com\/wp-content\/uploads\/2021\/12\/Anahata_Cevennes0177-scaled.jpg\" data-elementor-open-lightbox=\"yes\" data-elementor-lightbox-title=\"Anahata_Cevennes0177\" data-e-action-hash=\"#elementor-action%3Aaction%3Dlightbox%26settings%3DeyJpZCI6MTMzMywidXJsIjoiaHR0cHM6XC9cL3JpdHVhbHMtaG9tZS5jb21cL3dwLWNvbnRlbnRcL3VwbG9hZHNcLzIwMjFcLzEyXC9BbmFoYXRhX0NldmVubmVzMDE3Ny1zY2FsZWQuanBnIn0%3D\">\n\t\t\t\t\t\t\t<img fetchpriority=\"high\" decoding=\"async\" width=\"768\" height=\"1024\" src=\"https:\/\/rituals-home.com\/wp-content\/uploads\/2021\/12\/Anahata_Cevennes0177-768x1024.jpg\" class=\"attachment-large size-large wp-image-1333\" alt=\"\" srcset=\"https:\/\/rituals-home.com\/wp-content\/uploads\/2021\/12\/Anahata_Cevennes0177-768x1024.jpg 768w, https:\/\/rituals-home.com\/wp-content\/uploads\/2021\/12\/Anahata_Cevennes0177-225x300.jpg 225w, https:\/\/rituals-home.com\/wp-content\/uploads\/2021\/12\/Anahata_Cevennes0177-1152x1536.jpg 1152w, https:\/\/rituals-home.com\/wp-content\/uploads\/2021\/12\/Anahata_Cevennes0177-1536x2048.jpg 1536w, https:\/\/rituals-home.com\/wp-content\/uploads\/2021\/12\/Anahata_Cevennes0177-scaled.jpg 1920w\" sizes=\"(max-width: 768px) 100vw, 768px\" \/>\t\t\t\t\t\t\t\t<\/a>\n\t\t\t\t\t\t\t\t\t\t\t\t\t\t\t<\/div>\n\t\t\t\t<\/div>\n\t\t\t\t\t<\/div>\n\t\t<\/div>\n\t\t\t\t<div class=\"elementor-column elementor-col-50 elementor-inner-column elementor-element elementor-element-54e0e1d\" data-id=\"54e0e1d\" data-element_type=\"column\" data-e-type=\"column\">\n\t\t\t<div class=\"elementor-widget-wrap elementor-element-populated\">\n\t\t\t\t\t\t<div class=\"elementor-element elementor-element-4c21202 elementor-widget elementor-widget-image\" data-id=\"4c21202\" data-element_type=\"widget\" data-e-type=\"widget\" data-widget_type=\"image.default\">\n\t\t\t\t<div class=\"elementor-widget-container\">\n\t\t\t\t\t\t\t\t\t\t\t\t\t\t\t\t<a href=\"https:\/\/rituals-home.com\/en\/soins-massages\/\">\n\t\t\t\t\t\t\t<img decoding=\"async\" width=\"768\" height=\"1024\" src=\"https:\/\/rituals-home.com\/wp-content\/uploads\/2021\/12\/F210921_018-768x1024.jpg\" class=\"attachment-large size-large wp-image-1334\" alt=\"\" srcset=\"https:\/\/rituals-home.com\/wp-content\/uploads\/2021\/12\/F210921_018-768x1024.jpg 768w, https:\/\/rituals-home.com\/wp-content\/uploads\/2021\/12\/F210921_018-225x300.jpg 225w, https:\/\/rituals-home.com\/wp-content\/uploads\/2021\/12\/F210921_018-1151x1536.jpg 1151w, https:\/\/rituals-home.com\/wp-content\/uploads\/2021\/12\/F210921_018-1535x2048.jpg 1535w, https:\/\/rituals-home.com\/wp-content\/uploads\/2021\/12\/F210921_018-scaled.jpg 1919w\" sizes=\"(max-width: 768px) 100vw, 768px\" \/>\t\t\t\t\t\t\t\t<\/a>\n\t\t\t\t\t\t\t\t\t\t\t\t\t\t\t<\/div>\n\t\t\t\t<\/div>\n\t\t\t\t\t<\/div>\n\t\t<\/div>\n\t\t\t\t\t<\/div>\n\t\t<\/section>\n\t\t\t\t\t<\/div>\n\t\t<\/div>\n\t\t\t\t\t<\/div>\n\t\t<\/section>\n\t\t\t\t<section class=\"elementor-section elementor-top-section elementor-element elementor-element-37a6d2f elementor-section-boxed elementor-section-height-default elementor-section-height-default\" data-id=\"37a6d2f\" data-element_type=\"section\" data-e-type=\"section\" data-settings=\"{&quot;background_background&quot;:&quot;classic&quot;}\">\n\t\t\t\t\t\t<div class=\"elementor-container elementor-column-gap-default\">\n\t\t\t\t\t<div class=\"elementor-column elementor-col-100 elementor-top-column elementor-element elementor-element-a65f832\" data-id=\"a65f832\" data-element_type=\"column\" data-e-type=\"column\">\n\t\t\t<div class=\"elementor-widget-wrap elementor-element-populated\">\n\t\t\t\t\t\t<div class=\"elementor-element elementor-element-7e5c37d elementor-widget elementor-widget-heading\" data-id=\"7e5c37d\" data-element_type=\"widget\" data-e-type=\"widget\" data-widget_type=\"heading.default\">\n\t\t\t\t<div class=\"elementor-widget-container\">\n\t\t\t\t\t<h3 class=\"elementor-heading-title elementor-size-default\">Plural, but also complete! <\/h3>\t\t\t\t<\/div>\n\t\t\t\t<\/div>\n\t\t\t\t<div class=\"elementor-element elementor-element-fe4fd24 elementor-widget elementor-widget-text-editor\" data-id=\"fe4fd24\" data-element_type=\"widget\" data-e-type=\"widget\" data-widget_type=\"text-editor.default\">\n\t\t\t\t<div class=\"elementor-widget-container\">\n\t\t\t\t\t\t\t\t\t<p><span style=\"font-weight: 400;\">I exercise with my heart and I have never been reluctant to give everything to achieve my dream: when well-being became obvious to me, I left everything to throw myself 100%, and, without regret, I left my old job, left my country and said \u201csee you soon\u201d to my relatives, to get started.&nbsp;<\/span><\/p>\n<p><span style=\"text-decoration: underline;\"><a href=\"https:\/\/rituals-home.com\/en\/yoga\/\"><b>Yogini<\/b><\/a><\/span><span style=\"font-weight: 400;\">, I found in the practice of yoga a balance that I lacked until then. That's why I chose to teach asanas: it's a good way to work on your confidence, to become aware of your body, your movements and to take care of yourself. And well-being <\/span><b><a href=\"https:\/\/rituals-home.com\/en\/soins-massages\/\"><span style=\"text-decoration: underline;\">masseuse<\/span><\/a><\/b><span style=\"font-weight: 400;\"> who feels the tensions at her fingertips and works to release them.&nbsp;<\/span><\/p>\n<p><span style=\"text-decoration: underline;\"><b><a href=\"https:\/\/rituals-home.com\/en\/sophrologie\/\">Sophrologist<\/a><\/b><\/span><span style=\"font-weight: 400;\">, I help you calm your mind and become aware of it. Often the body reacts to the calls of the mind: those that we do not want to hear. So I work with you on your blockages, conscious or not, to free yourself.<\/span><\/p>\n<p><span style=\"font-weight: 400;\">Vous vous demandez comment peut-on \u00eatre \u00e0 la fois masseuse, professeur de yoga, facilitatrice en breathwork et ice bath ?<\/span><\/p>\n<p><span style=\"font-weight: 400;\">It's easy, I made the choice to offer full support to my students to have a comprehensive approach to the physical and mental. I take care of the body and calm the mind, a combination that I think is essential in a world like ours.&nbsp;<\/span><\/p>\n<p><span style=\"font-weight: 400;\">It is with this idea that I created <\/span><b>Rituals Home<\/b><span style=\"font-weight: 400;\"> : une marque bien-\u00eatre avec une approche holistique.<\/span><\/p>\t\t\t\t\t\t\t\t<\/div>\n\t\t\t\t<\/div>\n\t\t\t\t\t<\/div>\n\t\t<\/div>\n\t\t\t\t\t<\/div>\n\t\t<\/section>\n\t\t\t\t<section class=\"elementor-section elementor-top-section elementor-element elementor-element-ce36068 elementor-section-boxed elementor-section-height-default elementor-section-height-default\" data-id=\"ce36068\" data-element_type=\"section\" data-e-type=\"section\" data-settings=\"{&quot;background_background&quot;:&quot;classic&quot;}\">\n\t\t\t\t\t\t\t<div class=\"elementor-background-overlay\"><\/div>\n\t\t\t\t\t\t\t<div class=\"elementor-container elementor-column-gap-default\">\n\t\t\t\t\t<div class=\"elementor-column elementor-col-100 elementor-top-column elementor-element elementor-element-7a62cb0\" data-id=\"7a62cb0\" data-element_type=\"column\" data-e-type=\"column\">\n\t\t\t<div class=\"elementor-widget-wrap elementor-element-populated\">\n\t\t\t\t\t\t<div class=\"elementor-element elementor-element-ff671c6 elementor-widget elementor-widget-text-editor\" data-id=\"ff671c6\" data-element_type=\"widget\" data-e-type=\"widget\" data-widget_type=\"text-editor.default\">\n\t\t\t\t<div class=\"elementor-widget-container\">\n\t\t\t\t\t\t\t\t\t<p><span style=\"font-weight: 400;\">Do you need a wellness masseuse for you or your company but you don't know what to choose? <br \/>I advise you on <\/span><span style=\"font-weight: 400;\">the massage you need!<\/span><span style=\"font-weight: 400;\"> !<\/span><\/p>\t\t\t\t\t\t\t\t<\/div>\n\t\t\t\t<\/div>\n\t\t\t\t<section class=\"elementor-section elementor-inner-section elementor-element elementor-element-2255a2d elementor-section-boxed elementor-section-height-default elementor-section-height-default\" data-id=\"2255a2d\" data-element_type=\"section\" data-e-type=\"section\">\n\t\t\t\t\t\t<div class=\"elementor-container elementor-column-gap-default\">\n\t\t\t\t\t<div class=\"elementor-column elementor-col-50 elementor-inner-column elementor-element elementor-element-72a8075\" data-id=\"72a8075\" data-element_type=\"column\" data-e-type=\"column\">\n\t\t\t<div class=\"elementor-widget-wrap elementor-element-populated\">\n\t\t\t\t\t\t<div class=\"elementor-element elementor-element-140f148 elementor-align-center elementor-widget elementor-widget-button\" data-id=\"140f148\" data-element_type=\"widget\" data-e-type=\"widget\" data-widget_type=\"button.default\">\n\t\t\t\t<div class=\"elementor-widget-container\">\n\t\t\t\t\t\t\t\t\t<div class=\"elementor-button-wrapper\">\n\t\t\t\t\t<a class=\"elementor-button elementor-button-link elementor-size-lg\" href=\"https:\/\/rituals-home.com\/en\/me-contacter\/\">\n\t\t\t\t\t\t<span class=\"elementor-button-content-wrapper\">\n\t\t\t\t\t\t\t\t\t<span class=\"elementor-button-text\">Contact me<\/span>\n\t\t\t\t\t<\/span>\n\t\t\t\t\t<\/a>\n\t\t\t\t<\/div>\n\t\t\t\t\t\t\t\t<\/div>\n\t\t\t\t<\/div>\n\t\t\t\t\t<\/div>\n\t\t<\/div>\n\t\t\t\t<div class=\"elementor-column elementor-col-50 elementor-inner-column elementor-element elementor-element-68126c1\" data-id=\"68126c1\" data-element_type=\"column\" data-e-type=\"column\">\n\t\t\t<div class=\"elementor-widget-wrap elementor-element-populated\">\n\t\t\t\t\t\t<div class=\"elementor-element elementor-element-077ffef elementor-align-center elementor-widget elementor-widget-button\" data-id=\"077ffef\" data-element_type=\"widget\" data-e-type=\"widget\" data-widget_type=\"button.default\">\n\t\t\t\t<div class=\"elementor-widget-container\">\n\t\t\t\t\t\t\t\t\t<div class=\"elementor-button-wrapper\">\n\t\t\t\t\t<a class=\"elementor-button elementor-button-link elementor-size-lg\" href=\"https:\/\/rituals-home.com\/en\/soins-massages\/\">\n\t\t\t\t\t\t<span class=\"elementor-button-content-wrapper\">\n\t\t\t\t\t\t\t\t\t<span class=\"elementor-button-text\">how to choose ?<\/span>\n\t\t\t\t\t<\/span>\n\t\t\t\t\t<\/a>\n\t\t\t\t<\/div>\n\t\t\t\t\t\t\t\t<\/div>\n\t\t\t\t<\/div>\n\t\t\t\t\t<\/div>\n\t\t<\/div>\n\t\t\t\t\t<\/div>\n\t\t<\/section>\n\t\t\t\t\t<\/div>\n\t\t<\/div>\n\t\t\t\t\t<\/div>\n\t\t<\/section>\n\t\t\t\t<\/div>","protected":false},"excerpt":{"rendered":"<p>Rituals Home \u201c\u00c0 travers mon travail, je veux faire Sourire le Coeur des gens\u201d \u2014 Florence, coach en brathwork et ice bath, masseuse bien-\u00eatre, sophrologue et professeur de yoga sur Mulhouse et Bale. Rituals Home by Flo Une marque de soin bien-\u00eatre imagin\u00e9e par Florence Si on me demandait un portrait chinois, je pourrais donner [&hellip;]<\/p>\n","protected":false},"author":1,"featured_media":0,"parent":0,"menu_order":0,"comment_status":"closed","ping_status":"closed","template":"","meta":{"site-sidebar-layout":"no-sidebar","site-content-layout":"page-builder","ast-site-content-layout":"full-width-container","site-content-style":"unboxed","site-sidebar-style":"unboxed","ast-global-header-display":"","ast-banner-title-visibility":"","ast-main-header-display":"","ast-hfb-above-header-display":"","ast-hfb-below-header-display":"","ast-hfb-mobile-header-display":"","site-post-title":"disabled","ast-breadcrumbs-content":"","ast-featured-img":"disabled","footer-sml-layout":"","ast-disable-related-posts":"","theme-transparent-header-meta":"","adv-header-id-meta":"","stick-header-meta":"","header-above-stick-meta":"","header-main-stick-meta":"","header-below-stick-meta":"","astra-migrate-meta-layouts":"set","ast-page-background-enabled":"default","ast-page-background-meta":{"desktop":{"background-color":"var(--ast-global-color-4)","background-image":"","background-repeat":"repeat","background-position":"center center","background-size":"auto","background-attachment":"scroll","background-type":"","background-media":"","overlay-type":"","overlay-color":"","overlay-opacity":"","overlay-gradient":""},"tablet":{"background-color":"","background-image":"","background-repeat":"repeat","background-position":"center center","background-size":"auto","background-attachment":"scroll","background-type":"","background-media":"","overlay-type":"","overlay-color":"","overlay-opacity":"","overlay-gradient":""},"mobile":{"background-color":"","background-image":"","background-repeat":"repeat","background-position":"center center","background-size":"auto","background-attachment":"scroll","background-type":"","background-media":"","overlay-type":"","overlay-color":"","overlay-opacity":"","overlay-gradient":""}},"ast-content-background-meta":{"desktop":{"background-color":"var(--ast-global-color-5)","background-image":"","background-repeat":"repeat","background-position":"center center","background-size":"auto","background-attachment":"scroll","background-type":"","background-media":"","overlay-type":"","overlay-color":"","overlay-opacity":"","overlay-gradient":""},"tablet":{"background-color":"var(--ast-global-color-5)","background-image":"","background-repeat":"repeat","background-position":"center center","background-size":"auto","background-attachment":"scroll","background-type":"","background-media":"","overlay-type":"","overlay-color":"","overlay-opacity":"","overlay-gradient":""},"mobile":{"background-color":"var(--ast-global-color-5)","background-image":"","background-repeat":"repeat","background-position":"center center","background-size":"auto","background-attachment":"scroll","background-type":"","background-media":"","overlay-type":"","overlay-color":"","overlay-opacity":"","overlay-gradient":""}},"footnotes":""},"class_list":["post-16","page","type-page","status-publish","hentry"],"_links":{"self":[{"href":"https:\/\/rituals-home.com\/en\/wp-json\/wp\/v2\/pages\/16","targetHints":{"allow":["GET"]}}],"collection":[{"href":"https:\/\/rituals-home.com\/en\/wp-json\/wp\/v2\/pages"}],"about":[{"href":"https:\/\/rituals-home.com\/en\/wp-json\/wp\/v2\/types\/page"}],"author":[{"embeddable":true,"href":"https:\/\/rituals-home.com\/en\/wp-json\/wp\/v2\/users\/1"}],"replies":[{"embeddable":true,"href":"https:\/\/rituals-home.com\/en\/wp-json\/wp\/v2\/comments?post=16"}],"version-history":[{"count":66,"href":"https:\/\/rituals-home.com\/en\/wp-json\/wp\/v2\/pages\/16\/revisions"}],"predecessor-version":[{"id":2774,"href":"https:\/\/rituals-home.com\/en\/wp-json\/wp\/v2\/pages\/16\/revisions\/2774"}],"wp:attachment":[{"href":"https:\/\/rituals-home.com\/en\/wp-json\/wp\/v2\/media?parent=16"}],"curies":[{"name":"wp","href":"https:\/\/api.w.org\/{rel}","templated":true}]}}