{"id":44,"date":"2021-11-22T10:22:38","date_gmt":"2021-11-22T10:22:38","guid":{"rendered":"https:\/\/rituals-home.com\/?page_id=44"},"modified":"2025-02-04T15:11:29","modified_gmt":"2025-02-04T15:11:29","slug":"les-soins-renata-franca","status":"publish","type":"page","link":"https:\/\/rituals-home.com\/en\/les-soins-renata-franca\/","title":{"rendered":"Renata Franca treatments"},"content":{"rendered":"<div data-elementor-type=\"wp-page\" data-elementor-id=\"44\" class=\"elementor elementor-44\" data-elementor-post-type=\"page\">\n\t\t\t\t\t\t<section class=\"elementor-section elementor-top-section elementor-element elementor-element-3bb86ed elementor-section-height-min-height elementor-section-items-stretch elementor-section-content-middle elementor-section-full_width elementor-section-height-default\" data-id=\"3bb86ed\" data-element_type=\"section\" data-e-type=\"section\" data-settings=\"{&quot;background_background&quot;:&quot;classic&quot;}\">\n\t\t\t\t\t\t\t<div class=\"elementor-background-overlay\"><\/div>\n\t\t\t\t\t\t\t<div class=\"elementor-container elementor-column-gap-default\">\n\t\t\t\t\t<div class=\"elementor-column elementor-col-100 elementor-top-column elementor-element elementor-element-fab9990\" data-id=\"fab9990\" data-element_type=\"column\" data-e-type=\"column\">\n\t\t\t<div class=\"elementor-widget-wrap elementor-element-populated\">\n\t\t\t\t\t\t<div class=\"elementor-element elementor-element-162073a elementor-widget elementor-widget-heading\" data-id=\"162073a\" data-element_type=\"widget\" data-e-type=\"widget\" data-widget_type=\"heading.default\">\n\t\t\t\t<div class=\"elementor-widget-container\">\n\t\t\t\t\t<h1 class=\"elementor-heading-title elementor-size-default\">\"Renata Franca\" treatments<\/h1>\t\t\t\t<\/div>\n\t\t\t\t<\/div>\n\t\t\t\t\t<\/div>\n\t\t<\/div>\n\t\t\t\t\t<\/div>\n\t\t<\/section>\n\t\t\t\t<section class=\"elementor-section elementor-top-section elementor-element elementor-element-05dbb08 elementor-section-boxed elementor-section-height-default elementor-section-height-default\" data-id=\"05dbb08\" data-element_type=\"section\" data-e-type=\"section\">\n\t\t\t\t\t\t<div class=\"elementor-container elementor-column-gap-default\">\n\t\t\t\t\t<div class=\"elementor-column elementor-col-100 elementor-top-column elementor-element elementor-element-4229285\" data-id=\"4229285\" data-element_type=\"column\" data-e-type=\"column\">\n\t\t\t<div class=\"elementor-widget-wrap\">\n\t\t\t\t\t\t\t<\/div>\n\t\t<\/div>\n\t\t\t\t\t<\/div>\n\t\t<\/section>\n\t\t\t\t<section class=\"elementor-section elementor-top-section elementor-element elementor-element-65ccccd elementor-section-boxed elementor-section-height-default elementor-section-height-default\" data-id=\"65ccccd\" data-element_type=\"section\" data-e-type=\"section\" data-settings=\"{&quot;background_background&quot;:&quot;classic&quot;}\">\n\t\t\t\t\t\t<div class=\"elementor-container elementor-column-gap-default\">\n\t\t\t\t\t<div class=\"elementor-column elementor-col-100 elementor-top-column elementor-element elementor-element-ef7d782\" data-id=\"ef7d782\" data-element_type=\"column\" data-e-type=\"column\">\n\t\t\t<div class=\"elementor-widget-wrap elementor-element-populated\">\n\t\t\t\t\t\t<div class=\"elementor-element elementor-element-72fa994 elementor-widget elementor-widget-text-editor\" data-id=\"72fa994\" data-element_type=\"widget\" data-e-type=\"widget\" data-widget_type=\"text-editor.default\">\n\t\t\t\t<div class=\"elementor-widget-container\">\n\t\t\t\t\t\t\t\t\t<p>Masseuse \u00e0 domicile, je me d\u00e9place sur Mulhouse et environs et Bale pour vous proposer les massages Renata Fran\u00e7a.<br \/>Ces soins ne cessent de faire parler d\u2019eux, on les surnomme m\u00eame les \u201cmassages miraculeux\u00a0\u00bb, mais savez-vous pourquoi ? <br \/>Connaissez-vous les sp\u00e9cificit\u00e9s de la <b>m\u00e9thode Renata Fran\u00e7a<\/b> ?<\/p>\t\t\t\t\t\t\t\t<\/div>\n\t\t\t\t<\/div>\n\t\t\t\t\t<\/div>\n\t\t<\/div>\n\t\t\t\t\t<\/div>\n\t\t<\/section>\n\t\t\t\t<section class=\"elementor-section elementor-top-section elementor-element elementor-element-efc6b9e elementor-section-boxed elementor-section-height-default elementor-section-height-default\" data-id=\"efc6b9e\" data-element_type=\"section\" data-e-type=\"section\" data-settings=\"{&quot;background_background&quot;:&quot;classic&quot;}\">\n\t\t\t\t\t\t<div class=\"elementor-container elementor-column-gap-default\">\n\t\t\t\t\t<div class=\"elementor-column elementor-col-100 elementor-top-column elementor-element elementor-element-efeebd7\" data-id=\"efeebd7\" data-element_type=\"column\" data-e-type=\"column\">\n\t\t\t<div class=\"elementor-widget-wrap elementor-element-populated\">\n\t\t\t\t\t\t<div class=\"elementor-element elementor-element-e86139d elementor-widget elementor-widget-heading\" data-id=\"e86139d\" data-element_type=\"widget\" data-e-type=\"widget\" data-widget_type=\"heading.default\">\n\t\t\t\t<div class=\"elementor-widget-container\">\n\t\t\t\t\t<h2 class=\"elementor-heading-title elementor-size-default\">Renata Franca massages<\/h2>\t\t\t\t<\/div>\n\t\t\t\t<\/div>\n\t\t\t\t<div class=\"elementor-element elementor-element-7d0e06f elementor-widget elementor-widget-text-editor\" data-id=\"7d0e06f\" data-element_type=\"widget\" data-e-type=\"widget\" data-widget_type=\"text-editor.default\">\n\t\t\t\t<div class=\"elementor-widget-container\">\n\t\t\t\t\t\t\t\t\t<p class=\"translation-block\">Renata's method has revolutionized the approach of <b>lymphatic drainage<\/b>. Where the lymphatic massages were exclusively soft and light, with a \u201ccaress\u201d touch (very little  or no pressure for a surface treatment), she offers treatments that mix the use of pumping at the level of the lymph nodes - an ancestral approach to drain the lymph - and modeling massage techniques with tonic and firm pressure.<\/p><p class=\"translation-block\">This technique changes everything! It does not just help in the <b>circulation of the lymph<\/b>: it also reduces oedemas, activates blood circulation and stimulates blood circulation. This stimulates the immune system, promotes tissue oxygenation and the elimination of waste from the body: which adds a <b>slimming<\/b> touch!<\/p>\t\t\t\t\t\t\t\t<\/div>\n\t\t\t\t<\/div>\n\t\t\t\t\t<\/div>\n\t\t<\/div>\n\t\t\t\t\t<\/div>\n\t\t<\/section>\n\t\t\t\t<section class=\"elementor-section elementor-top-section elementor-element elementor-element-7586d3b elementor-section-boxed elementor-section-height-default elementor-section-height-default\" data-id=\"7586d3b\" data-element_type=\"section\" data-e-type=\"section\" data-settings=\"{&quot;background_background&quot;:&quot;classic&quot;}\">\n\t\t\t\t\t\t<div class=\"elementor-container elementor-column-gap-default\">\n\t\t\t\t\t<div class=\"elementor-column elementor-col-100 elementor-top-column elementor-element elementor-element-b8c8ebe\" data-id=\"b8c8ebe\" data-element_type=\"column\" data-e-type=\"column\">\n\t\t\t<div class=\"elementor-widget-wrap elementor-element-populated\">\n\t\t\t\t\t\t<div class=\"elementor-element elementor-element-1601c5b elementor-widget elementor-widget-heading\" data-id=\"1601c5b\" data-element_type=\"widget\" data-e-type=\"widget\" data-widget_type=\"heading.default\">\n\t\t\t\t<div class=\"elementor-widget-container\">\n\t\t\t\t\t<h2 class=\"elementor-heading-title elementor-size-default\">Slimming and anti-cellulite treatments, without pain<\/h2>\t\t\t\t<\/div>\n\t\t\t\t<\/div>\n\t\t\t\t<div class=\"elementor-element elementor-element-d6c768f elementor-widget elementor-widget-text-editor\" data-id=\"d6c768f\" data-element_type=\"widget\" data-e-type=\"widget\" data-widget_type=\"text-editor.default\">\n\t\t\t\t<div class=\"elementor-widget-container\">\n\t\t\t\t\t\t\t\t\t<p>Reconnue dans le monde, la m\u00e9thode de massage de Renata Fran\u00e7a est un gage de qualit\u00e9.<br \/>C\u2019est pourquoi je me suis form\u00e9e \u00e0 ses trois soins principaux et les pratique \u00e0 domicile sur Mulhouse et Bale :<\/p>\t\t\t\t\t\t\t\t<\/div>\n\t\t\t\t<\/div>\n\t\t\t\t\t<\/div>\n\t\t<\/div>\n\t\t\t\t\t<\/div>\n\t\t<\/section>\n\t\t\t\t<section class=\"elementor-section elementor-top-section elementor-element elementor-element-5bc42a2 elementor-section-boxed elementor-section-height-default elementor-section-height-default\" data-id=\"5bc42a2\" data-element_type=\"section\" data-e-type=\"section\">\n\t\t\t\t\t\t<div class=\"elementor-container elementor-column-gap-default\">\n\t\t\t\t\t<div class=\"elementor-column elementor-col-33 elementor-top-column elementor-element elementor-element-80115e8\" data-id=\"80115e8\" data-element_type=\"column\" data-e-type=\"column\">\n\t\t\t<div class=\"elementor-widget-wrap elementor-element-populated\">\n\t\t\t\t\t\t<div class=\"elementor-element elementor-element-df2051b elementor-position-top elementor-widget elementor-widget-image-box\" data-id=\"df2051b\" data-element_type=\"widget\" data-e-type=\"widget\" data-widget_type=\"image-box.default\">\n\t\t\t\t<div class=\"elementor-widget-container\">\n\t\t\t\t\t<div class=\"elementor-image-box-wrapper\"><figure class=\"elementor-image-box-img\"><a href=\"https:\/\/rituals-home.com\/en\/les-soins-renata-franca\/soin-drainage-lynphatique\/\" tabindex=\"-1\"><img fetchpriority=\"high\" decoding=\"async\" width=\"1024\" height=\"1024\" src=\"https:\/\/rituals-home.com\/wp-content\/uploads\/2021\/12\/F210921_013-1-1024x1024.jpg\" class=\"elementor-animation-float attachment-large size-large wp-image-902\" alt=\"\" srcset=\"https:\/\/rituals-home.com\/wp-content\/uploads\/2021\/12\/F210921_013-1-1024x1024.jpg 1024w, https:\/\/rituals-home.com\/wp-content\/uploads\/2021\/12\/F210921_013-1-300x300.jpg 300w, https:\/\/rituals-home.com\/wp-content\/uploads\/2021\/12\/F210921_013-1-150x150.jpg 150w, https:\/\/rituals-home.com\/wp-content\/uploads\/2021\/12\/F210921_013-1-768x768.jpg 768w, https:\/\/rituals-home.com\/wp-content\/uploads\/2021\/12\/F210921_013-1-1536x1536.jpg 1536w, https:\/\/rituals-home.com\/wp-content\/uploads\/2021\/12\/F210921_013-1-2048x2048.jpg 2048w\" sizes=\"(max-width: 1024px) 100vw, 1024px\" \/><\/a><\/figure><div class=\"elementor-image-box-content\"><h3 class=\"elementor-image-box-title\"><a href=\"https:\/\/rituals-home.com\/en\/les-soins-renata-franca\/soin-drainage-lynphatique\/\">Lymphatic Drainage<\/a><\/h3><p class=\"elementor-image-box-description translation-block\">used in health or aesthetics, this treatment is recommended for an immediate \"lightness\" effect. Indeed, it helps to fight against the engorgement of water and lymph in the tissues. Say goodbye to heavy legs, swollen stomach, ... And discover a <b>deflated body<\/b>, re-shaped with a revived metabolism! Feeling of well-being guaranteed!<\/p><\/div><\/div>\t\t\t\t<\/div>\n\t\t\t\t<\/div>\n\t\t\t\t\t<\/div>\n\t\t<\/div>\n\t\t\t\t<div class=\"elementor-column elementor-col-33 elementor-top-column elementor-element elementor-element-01b01bb\" data-id=\"01b01bb\" data-element_type=\"column\" data-e-type=\"column\">\n\t\t\t<div class=\"elementor-widget-wrap elementor-element-populated\">\n\t\t\t\t\t\t<div class=\"elementor-element elementor-element-c1c0982 elementor-position-top elementor-widget elementor-widget-image-box\" data-id=\"c1c0982\" data-element_type=\"widget\" data-e-type=\"widget\" data-widget_type=\"image-box.default\">\n\t\t\t\t<div class=\"elementor-widget-container\">\n\t\t\t\t\t<div class=\"elementor-image-box-wrapper\"><figure class=\"elementor-image-box-img\"><a href=\"https:\/\/rituals-home.com\/en\/les-soins-renata-franca\/soin-visage-miracle-face\/\" tabindex=\"-1\"><img decoding=\"async\" width=\"1024\" height=\"1024\" src=\"https:\/\/rituals-home.com\/wp-content\/uploads\/2021\/12\/Miracle-Face-1024x1024.jpg\" class=\"elementor-animation-float attachment-large size-large wp-image-984\" alt=\"\" srcset=\"https:\/\/rituals-home.com\/wp-content\/uploads\/2021\/12\/Miracle-Face-1024x1024.jpg 1024w, https:\/\/rituals-home.com\/wp-content\/uploads\/2021\/12\/Miracle-Face-300x300.jpg 300w, https:\/\/rituals-home.com\/wp-content\/uploads\/2021\/12\/Miracle-Face-150x150.jpg 150w, https:\/\/rituals-home.com\/wp-content\/uploads\/2021\/12\/Miracle-Face-768x768.jpg 768w, https:\/\/rituals-home.com\/wp-content\/uploads\/2021\/12\/Miracle-Face-1536x1536.jpg 1536w, https:\/\/rituals-home.com\/wp-content\/uploads\/2021\/12\/Miracle-Face-2048x2048.jpg 2048w\" sizes=\"(max-width: 1024px) 100vw, 1024px\" \/><\/a><\/figure><div class=\"elementor-image-box-content\"><h3 class=\"elementor-image-box-title\"><a href=\"https:\/\/rituals-home.com\/en\/les-soins-renata-franca\/soin-visage-miracle-face\/\">The Miracle Face<\/a><\/h3><p class=\"elementor-image-box-description translation-block\">This facial massage helps deflate dark circles and swollen areas of the face. It redraws the contour of the face, improves the quality of the skin and gives an <b>immediate healthy glow effect!<\/b> Small bonus: your skin is lifted!<\/p><\/div><\/div>\t\t\t\t<\/div>\n\t\t\t\t<\/div>\n\t\t\t\t\t<\/div>\n\t\t<\/div>\n\t\t\t\t<div class=\"elementor-column elementor-col-33 elementor-top-column elementor-element elementor-element-277cc74\" data-id=\"277cc74\" data-element_type=\"column\" data-e-type=\"column\">\n\t\t\t<div class=\"elementor-widget-wrap elementor-element-populated\">\n\t\t\t\t\t\t<div class=\"elementor-element elementor-element-76423ff elementor-position-top elementor-widget elementor-widget-image-box\" data-id=\"76423ff\" data-element_type=\"widget\" data-e-type=\"widget\" data-widget_type=\"image-box.default\">\n\t\t\t\t<div class=\"elementor-widget-container\">\n\t\t\t\t\t<div class=\"elementor-image-box-wrapper\"><figure class=\"elementor-image-box-img\"><a href=\"https:\/\/rituals-home.com\/en\/les-soins-renata-franca\/soin-remodelant\/\" tabindex=\"-1\"><img decoding=\"async\" width=\"1024\" height=\"1024\" src=\"https:\/\/rituals-home.com\/wp-content\/uploads\/2021\/12\/Remodelage-1024x1024.jpg\" class=\"elementor-animation-float attachment-large size-large wp-image-985\" alt=\"\" srcset=\"https:\/\/rituals-home.com\/wp-content\/uploads\/2021\/12\/Remodelage-1024x1024.jpg 1024w, https:\/\/rituals-home.com\/wp-content\/uploads\/2021\/12\/Remodelage-300x300.jpg 300w, https:\/\/rituals-home.com\/wp-content\/uploads\/2021\/12\/Remodelage-150x150.jpg 150w, https:\/\/rituals-home.com\/wp-content\/uploads\/2021\/12\/Remodelage-768x768.jpg 768w, https:\/\/rituals-home.com\/wp-content\/uploads\/2021\/12\/Remodelage-1536x1536.jpg 1536w, https:\/\/rituals-home.com\/wp-content\/uploads\/2021\/12\/Remodelage-2048x2048.jpg 2048w\" sizes=\"(max-width: 1024px) 100vw, 1024px\" \/><\/a><\/figure><div class=\"elementor-image-box-content\"><h3 class=\"elementor-image-box-title\"><a href=\"https:\/\/rituals-home.com\/en\/les-soins-renata-franca\/soin-remodelant\/\">The Shaping Massage<\/a><\/h3><p class=\"elementor-image-box-description\">Le <b>soin remodelant<\/b> est LE soin pour redessiner votre silhouette. Gr\u00e2ce \u00e0 des mouvements vigoureux, rapides et fermes, je viens d\u00e9placer la graisse pour remodeler manuellement votre corps.<\/p><\/div><\/div>\t\t\t\t<\/div>\n\t\t\t\t<\/div>\n\t\t\t\t\t<\/div>\n\t\t<\/div>\n\t\t\t\t\t<\/div>\n\t\t<\/section>\n\t\t\t\t<section class=\"elementor-section elementor-top-section elementor-element elementor-element-60b9d0e elementor-section-boxed elementor-section-height-default elementor-section-height-default\" data-id=\"60b9d0e\" data-element_type=\"section\" data-e-type=\"section\" data-settings=\"{&quot;background_background&quot;:&quot;classic&quot;}\">\n\t\t\t\t\t\t<div class=\"elementor-container elementor-column-gap-default\">\n\t\t\t\t\t<div class=\"elementor-column elementor-col-100 elementor-top-column elementor-element elementor-element-4016988\" data-id=\"4016988\" data-element_type=\"column\" data-e-type=\"column\">\n\t\t\t<div class=\"elementor-widget-wrap elementor-element-populated\">\n\t\t\t\t\t\t<div class=\"elementor-element elementor-element-1853250 elementor-widget elementor-widget-text-editor\" data-id=\"1853250\" data-element_type=\"widget\" data-e-type=\"widget\" data-widget_type=\"text-editor.default\">\n\t\t\t\t<div class=\"elementor-widget-container\">\n\t\t\t\t\t\t\t\t\t<p class=\"translation-block\">Each of these treatments is made so that the massage is a moment of well-being, no pain should be felt! Far from the palpation-rolling, we work gently. <br>The recurrence of these treatments is the key to maintaining and maximizing their results!<\/p>\t\t\t\t\t\t\t\t<\/div>\n\t\t\t\t<\/div>\n\t\t\t\t\t<\/div>\n\t\t<\/div>\n\t\t\t\t\t<\/div>\n\t\t<\/section>\n\t\t\t\t<section class=\"elementor-section elementor-top-section elementor-element elementor-element-4e77ea4 elementor-section-boxed elementor-section-height-default elementor-section-height-default\" data-id=\"4e77ea4\" data-element_type=\"section\" data-e-type=\"section\" data-settings=\"{&quot;background_background&quot;:&quot;classic&quot;}\">\n\t\t\t\t\t\t\t<div class=\"elementor-background-overlay\"><\/div>\n\t\t\t\t\t\t\t<div class=\"elementor-container elementor-column-gap-default\">\n\t\t\t\t\t<div class=\"elementor-column elementor-col-100 elementor-top-column elementor-element elementor-element-b0be01e\" data-id=\"b0be01e\" data-element_type=\"column\" data-e-type=\"column\">\n\t\t\t<div class=\"elementor-widget-wrap elementor-element-populated\">\n\t\t\t\t\t\t<div class=\"elementor-element elementor-element-568f5a8 elementor-widget elementor-widget-heading\" data-id=\"568f5a8\" data-element_type=\"widget\" data-e-type=\"widget\" data-widget_type=\"heading.default\">\n\t\t\t\t<div class=\"elementor-widget-container\">\n\t\t\t\t\t<h3 class=\"elementor-heading-title elementor-size-default translation-block\">Would you like to offer a Renata Franca massage at home to your loved ones? <br> Discover the gift vouchers that always please!<\/h3>\t\t\t\t<\/div>\n\t\t\t\t<\/div>\n\t\t\t\t<section class=\"elementor-section elementor-inner-section elementor-element elementor-element-7026160 elementor-section-boxed elementor-section-height-default elementor-section-height-default\" data-id=\"7026160\" data-element_type=\"section\" data-e-type=\"section\">\n\t\t\t\t\t\t<div class=\"elementor-container elementor-column-gap-default\">\n\t\t\t\t\t<div class=\"elementor-column elementor-col-100 elementor-inner-column elementor-element elementor-element-96d3dd4\" data-id=\"96d3dd4\" data-element_type=\"column\" data-e-type=\"column\">\n\t\t\t<div class=\"elementor-widget-wrap elementor-element-populated\">\n\t\t\t\t\t\t<div class=\"elementor-element elementor-element-7bfb30d elementor-align-center elementor-widget elementor-widget-button\" data-id=\"7bfb30d\" data-element_type=\"widget\" data-e-type=\"widget\" data-widget_type=\"button.default\">\n\t\t\t\t<div class=\"elementor-widget-container\">\n\t\t\t\t\t\t\t\t\t<div class=\"elementor-button-wrapper\">\n\t\t\t\t\t<a class=\"elementor-button elementor-button-link elementor-size-lg\" href=\"https:\/\/rituals-home.com\/en\/tarifs-bons-cadeaux\/\">\n\t\t\t\t\t\t<span class=\"elementor-button-content-wrapper\">\n\t\t\t\t\t\t\t\t\t<span class=\"elementor-button-text\">Gift vouchers<\/span>\n\t\t\t\t\t<\/span>\n\t\t\t\t\t<\/a>\n\t\t\t\t<\/div>\n\t\t\t\t\t\t\t\t<\/div>\n\t\t\t\t<\/div>\n\t\t\t\t\t<\/div>\n\t\t<\/div>\n\t\t\t\t\t<\/div>\n\t\t<\/section>\n\t\t\t\t\t<\/div>\n\t\t<\/div>\n\t\t\t\t\t<\/div>\n\t\t<\/section>\n\t\t\t\t<\/div>","protected":false},"excerpt":{"rendered":"<p>Les soins Renata Fran\u00e7a Masseuse \u00e0 domicile, je me d\u00e9place sur Mulhouse et environs et Bale pour vous proposer les massages Renata Fran\u00e7a.Ces soins ne cessent de faire parler d\u2019eux, on les surnomme m\u00eame les \u201cmassages miraculeux\u00a0\u00bb, mais savez-vous pourquoi ? Connaissez-vous les sp\u00e9cificit\u00e9s de la m\u00e9thode Renata Fran\u00e7a ? Les massages Renata Fran\u00e7a La [&hellip;]<\/p>\n","protected":false},"author":1,"featured_media":0,"parent":0,"menu_order":0,"comment_status":"closed","ping_status":"closed","template":"","meta":{"site-sidebar-layout":"no-sidebar","site-content-layout":"page-builder","ast-site-content-layout":"full-width-container","site-content-style":"unboxed","site-sidebar-style":"unboxed","ast-global-header-display":"","ast-banner-title-visibility":"","ast-main-header-display":"","ast-hfb-above-header-display":"","ast-hfb-below-header-display":"","ast-hfb-mobile-header-display":"","site-post-title":"disabled","ast-breadcrumbs-content":"","ast-featured-img":"disabled","footer-sml-layout":"","ast-disable-related-posts":"","theme-transparent-header-meta":"","adv-header-id-meta":"","stick-header-meta":"","header-above-stick-meta":"","header-main-stick-meta":"","header-below-stick-meta":"","astra-migrate-meta-layouts":"set","ast-page-background-enabled":"default","ast-page-background-meta":{"desktop":{"background-color":"var(--ast-global-color-4)","background-image":"","background-repeat":"repeat","background-position":"center center","background-size":"auto","background-attachment":"scroll","background-type":"","background-media":"","overlay-type":"","overlay-color":"","overlay-opacity":"","overlay-gradient":""},"tablet":{"background-color":"","background-image":"","background-repeat":"repeat","background-position":"center center","background-size":"auto","background-attachment":"scroll","background-type":"","background-media":"","overlay-type":"","overlay-color":"","overlay-opacity":"","overlay-gradient":""},"mobile":{"background-color":"","background-image":"","background-repeat":"repeat","background-position":"center center","background-size":"auto","background-attachment":"scroll","background-type":"","background-media":"","overlay-type":"","overlay-color":"","overlay-opacity":"","overlay-gradient":""}},"ast-content-background-meta":{"desktop":{"background-color":"var(--ast-global-color-5)","background-image":"","background-repeat":"repeat","background-position":"center center","background-size":"auto","background-attachment":"scroll","background-type":"","background-media":"","overlay-type":"","overlay-color":"","overlay-opacity":"","overlay-gradient":""},"tablet":{"background-color":"var(--ast-global-color-5)","background-image":"","background-repeat":"repeat","background-position":"center center","background-size":"auto","background-attachment":"scroll","background-type":"","background-media":"","overlay-type":"","overlay-color":"","overlay-opacity":"","overlay-gradient":""},"mobile":{"background-color":"var(--ast-global-color-5)","background-image":"","background-repeat":"repeat","background-position":"center center","background-size":"auto","background-attachment":"scroll","background-type":"","background-media":"","overlay-type":"","overlay-color":"","overlay-opacity":"","overlay-gradient":""}},"footnotes":""},"class_list":["post-44","page","type-page","status-publish","hentry"],"_links":{"self":[{"href":"https:\/\/rituals-home.com\/en\/wp-json\/wp\/v2\/pages\/44","targetHints":{"allow":["GET"]}}],"collection":[{"href":"https:\/\/rituals-home.com\/en\/wp-json\/wp\/v2\/pages"}],"about":[{"href":"https:\/\/rituals-home.com\/en\/wp-json\/wp\/v2\/types\/page"}],"author":[{"embeddable":true,"href":"https:\/\/rituals-home.com\/en\/wp-json\/wp\/v2\/users\/1"}],"replies":[{"embeddable":true,"href":"https:\/\/rituals-home.com\/en\/wp-json\/wp\/v2\/comments?post=44"}],"version-history":[{"count":108,"href":"https:\/\/rituals-home.com\/en\/wp-json\/wp\/v2\/pages\/44\/revisions"}],"predecessor-version":[{"id":2760,"href":"https:\/\/rituals-home.com\/en\/wp-json\/wp\/v2\/pages\/44\/revisions\/2760"}],"wp:attachment":[{"href":"https:\/\/rituals-home.com\/en\/wp-json\/wp\/v2\/media?parent=44"}],"curies":[{"name":"wp","href":"https:\/\/api.w.org\/{rel}","templated":true}]}}