{"id":47,"date":"2021-11-22T10:22:58","date_gmt":"2021-11-22T10:22:58","guid":{"rendered":"https:\/\/rituals-home.com\/?page_id=47"},"modified":"2024-01-20T18:30:08","modified_gmt":"2024-01-20T18:30:08","slug":"cours-de-yoga-et-massage","status":"publish","type":"page","link":"https:\/\/rituals-home.com\/en\/yoga\/cours-de-yoga-et-massage\/","title":{"rendered":"Yoga classes and massage"},"content":{"rendered":"<div data-elementor-type=\"wp-page\" data-elementor-id=\"47\" class=\"elementor elementor-47\" data-elementor-post-type=\"page\">\n\t\t\t\t\t\t<section class=\"elementor-section elementor-top-section elementor-element elementor-element-6f9c970 elementor-section-height-min-height elementor-section-items-stretch elementor-section-content-middle elementor-section-boxed elementor-section-height-default\" data-id=\"6f9c970\" data-element_type=\"section\" data-e-type=\"section\" data-settings=\"{&quot;background_background&quot;:&quot;classic&quot;}\">\n\t\t\t\t\t\t\t<div class=\"elementor-background-overlay\"><\/div>\n\t\t\t\t\t\t\t<div class=\"elementor-container elementor-column-gap-default\">\n\t\t\t\t\t<div class=\"elementor-column elementor-col-100 elementor-top-column elementor-element elementor-element-359f495\" data-id=\"359f495\" data-element_type=\"column\" data-e-type=\"column\">\n\t\t\t<div class=\"elementor-widget-wrap elementor-element-populated\">\n\t\t\t\t\t\t<div class=\"elementor-element elementor-element-d914c70 elementor-widget elementor-widget-heading\" data-id=\"d914c70\" data-element_type=\"widget\" data-e-type=\"widget\" data-widget_type=\"heading.default\">\n\t\t\t\t<div class=\"elementor-widget-container\">\n\t\t\t\t\t<h1 class=\"elementor-heading-title elementor-size-default\">Yoga classes and massage<\/h1>\t\t\t\t<\/div>\n\t\t\t\t<\/div>\n\t\t\t\t\t<\/div>\n\t\t<\/div>\n\t\t\t\t\t<\/div>\n\t\t<\/section>\n\t\t\t\t<section class=\"elementor-section elementor-top-section elementor-element elementor-element-ae011b2 elementor-section-boxed elementor-section-height-default elementor-section-height-default\" data-id=\"ae011b2\" data-element_type=\"section\" data-e-type=\"section\">\n\t\t\t\t\t\t<div class=\"elementor-container elementor-column-gap-default\">\n\t\t\t\t\t<div class=\"elementor-column elementor-col-100 elementor-top-column elementor-element elementor-element-4cbf5c0\" data-id=\"4cbf5c0\" data-element_type=\"column\" data-e-type=\"column\">\n\t\t\t<div class=\"elementor-widget-wrap\">\n\t\t\t\t\t\t\t<\/div>\n\t\t<\/div>\n\t\t\t\t\t<\/div>\n\t\t<\/section>\n\t\t\t\t<section class=\"elementor-section elementor-top-section elementor-element elementor-element-312d9fb elementor-section-boxed elementor-section-height-default elementor-section-height-default\" data-id=\"312d9fb\" data-element_type=\"section\" data-e-type=\"section\" data-settings=\"{&quot;background_background&quot;:&quot;classic&quot;}\">\n\t\t\t\t\t\t<div class=\"elementor-container elementor-column-gap-default\">\n\t\t\t\t\t<div class=\"elementor-column elementor-col-100 elementor-top-column elementor-element elementor-element-cf1fd74\" data-id=\"cf1fd74\" data-element_type=\"column\" data-e-type=\"column\">\n\t\t\t<div class=\"elementor-widget-wrap elementor-element-populated\">\n\t\t\t\t\t\t<div class=\"elementor-element elementor-element-4b360b6 elementor-widget elementor-widget-text-editor\" data-id=\"4b360b6\" data-element_type=\"widget\" data-e-type=\"widget\" data-widget_type=\"text-editor.default\">\n\t\t\t\t<div class=\"elementor-widget-container\">\n\t\t\t\t\t\t\t\t\t<p><span style=\"font-weight: 400;\">Professeur de yoga et masseuse \u00e0 domicile dans le bassin d&rsquo;Arcachon, je souhaite proposer un accompagnement bien-\u00eatre complet \u00e0 mes \u00e9tudiants et mes clients. C\u2019est pourquoi j\u2019ai imagin\u00e9 ce forfait sp\u00e9cial Yoga et Massage ! <\/span><\/p>\t\t\t\t\t\t\t\t<\/div>\n\t\t\t\t<\/div>\n\t\t\t\t\t<\/div>\n\t\t<\/div>\n\t\t\t\t\t<\/div>\n\t\t<\/section>\n\t\t\t\t<section class=\"elementor-section elementor-top-section elementor-element elementor-element-e46dd69 elementor-section-boxed elementor-section-height-default elementor-section-height-default\" data-id=\"e46dd69\" data-element_type=\"section\" data-e-type=\"section\" data-settings=\"{&quot;background_background&quot;:&quot;classic&quot;}\">\n\t\t\t\t\t\t<div class=\"elementor-container elementor-column-gap-default\">\n\t\t\t\t\t<div class=\"elementor-column elementor-col-100 elementor-top-column elementor-element elementor-element-97d9792\" data-id=\"97d9792\" data-element_type=\"column\" data-e-type=\"column\">\n\t\t\t<div class=\"elementor-widget-wrap elementor-element-populated\">\n\t\t\t\t\t\t<div class=\"elementor-element elementor-element-ffb64d1 elementor-widget elementor-widget-heading\" data-id=\"ffb64d1\" data-element_type=\"widget\" data-e-type=\"widget\" data-widget_type=\"heading.default\">\n\t\t\t\t<div class=\"elementor-widget-container\">\n\t\t\t\t\t<h2 class=\"elementor-heading-title elementor-size-default\">Rituals Home: complete support thanks to the benefits of yoga coupled with massages.<\/h2>\t\t\t\t<\/div>\n\t\t\t\t<\/div>\n\t\t\t\t<div class=\"elementor-element elementor-element-524e1a7 elementor-widget elementor-widget-text-editor\" data-id=\"524e1a7\" data-element_type=\"widget\" data-e-type=\"widget\" data-widget_type=\"text-editor.default\">\n\t\t\t\t<div class=\"elementor-widget-container\">\n\t\t\t\t\t\t\t\t\t<p><span style=\"font-weight: 400;\">My goal is to fully accompany you towards well-being: whether physically with the practice of yoga, bodily with the treatments and energy massages that I offer and mentally thanks to sophrology.\u00a0\u00a0<\/span><\/p><p><span style=\"font-weight: 400;\">Il est tout naturel pour moi de lier les massages et les cours de yoga dans mes accompagnements. C\u2019est pourquoi je vous propose de me rendre chez vous, dans le bassin d&rsquo;Arcachon, pour vous donner un cours de yoga (hatha yoga, yin yoga, yoga postnatal ou yoga pr\u00e9natal, selon vos besoins), et pour vous faire profiter d\u2019un soin. \u00c7a peut-\u00eatre un <\/span><span style=\"font-weight: 400;\">drainage Renata Fran\u00e7a<\/span><span style=\"font-weight: 400;\"> ou bien un massage bien-\u00eatre. Nous voyons ensemble la combinaison la plus adapt\u00e9e pour vous, en fonction de vos envies et des besoins de votre corps !<\/span><\/p><p class=\"translation-block\">For example, if you need relaxation, we will rather practice a gentle practice with <b>yin yoga<\/b>, in order to help you regenerate in depth. Then, the massage that will follow will also aim to relax you, to help you let go!<\/p><p class=\"translation-block\">If you rather want to build muscle or work on <b>yoga to refine yourself<\/b>, then the session will be completely different! The massage that will accompany it will rather be a lymphatic drainage or a shaping treatment.<\/p><p><span style=\"font-weight: 400;\">During pregnancy, <\/span><b><a href=\"https:\/\/rituals-home.com\/en\/les-soins-renata-franca\/le-drainage-lymphatique\/\"><u>lymphatic drainage<\/u><\/a><\/b><span style=\"font-weight: 400;\"> will allow you to feel better about your body, with less swelling in the lower limbs. With this we work in prenatal yoga to prepare you for childbirth and the changes due to birth.<\/span><\/p><p class=\"translation-block\">And if you have just given birth, <b>postnatal yoga<\/b> support coupled with regenerating massages can help you live your fourth trimester better and prevent your <b>postpartum<\/b> from being too violent to experience. Indeed, we tend to forget ourselves during this period, when it is essential to take the time to reconnect with your body and assimilate all the recent changes and upheavals that have happened in your life.<\/p>\t\t\t\t\t\t\t\t<\/div>\n\t\t\t\t<\/div>\n\t\t\t\t\t<\/div>\n\t\t<\/div>\n\t\t\t\t\t<\/div>\n\t\t<\/section>\n\t\t\t\t<section class=\"elementor-section elementor-top-section elementor-element elementor-element-1d976db elementor-section-boxed elementor-section-height-default elementor-section-height-default\" data-id=\"1d976db\" data-element_type=\"section\" data-e-type=\"section\" data-settings=\"{&quot;background_background&quot;:&quot;classic&quot;}\">\n\t\t\t\t\t\t\t<div class=\"elementor-background-overlay\"><\/div>\n\t\t\t\t\t\t\t<div class=\"elementor-container elementor-column-gap-default\">\n\t\t\t\t\t<div class=\"elementor-column elementor-col-100 elementor-top-column elementor-element elementor-element-6435534\" data-id=\"6435534\" data-element_type=\"column\" data-e-type=\"column\" data-settings=\"{&quot;background_background&quot;:&quot;classic&quot;}\">\n\t\t\t<div class=\"elementor-widget-wrap elementor-element-populated\">\n\t\t\t\t\t\t<section class=\"elementor-section elementor-inner-section elementor-element elementor-element-74b04e1 elementor-section-full_width elementor-section-height-default elementor-section-height-default\" data-id=\"74b04e1\" data-element_type=\"section\" data-e-type=\"section\">\n\t\t\t\t\t\t<div class=\"elementor-container elementor-column-gap-default\">\n\t\t\t\t\t<div class=\"elementor-column elementor-col-33 elementor-inner-column elementor-element elementor-element-d895919\" data-id=\"d895919\" data-element_type=\"column\" data-e-type=\"column\">\n\t\t\t<div class=\"elementor-widget-wrap elementor-element-populated\">\n\t\t\t\t\t\t<div class=\"elementor-element elementor-element-e1ea189 elementor-widget elementor-widget-image\" data-id=\"e1ea189\" data-element_type=\"widget\" data-e-type=\"widget\" data-widget_type=\"image.default\">\n\t\t\t\t<div class=\"elementor-widget-container\">\n\t\t\t\t\t\t\t\t\t\t\t\t\t\t\t\t<a href=\"https:\/\/rituals-home.com\/wp-content\/uploads\/2021\/12\/pexels-alesia-kozik-7796170-scaled.jpg\" data-elementor-open-lightbox=\"yes\" data-elementor-lightbox-title=\"pexels-alesia-kozik-7796170\" data-e-action-hash=\"#elementor-action%3Aaction%3Dlightbox%26settings%3DeyJpZCI6MTQyMiwidXJsIjoiaHR0cHM6XC9cL3JpdHVhbHMtaG9tZS5jb21cL3dwLWNvbnRlbnRcL3VwbG9hZHNcLzIwMjFcLzEyXC9wZXhlbHMtYWxlc2lhLWtvemlrLTc3OTYxNzAtc2NhbGVkLmpwZyJ9\">\n\t\t\t\t\t\t\t<img fetchpriority=\"high\" decoding=\"async\" width=\"1024\" height=\"1024\" src=\"https:\/\/rituals-home.com\/wp-content\/uploads\/2021\/12\/pexels-alesia-kozik-7796170-1024x1024.jpg\" class=\"attachment-large size-large wp-image-1422\" alt=\"\" srcset=\"https:\/\/rituals-home.com\/wp-content\/uploads\/2021\/12\/pexels-alesia-kozik-7796170-1024x1024.jpg 1024w, https:\/\/rituals-home.com\/wp-content\/uploads\/2021\/12\/pexels-alesia-kozik-7796170-300x300.jpg 300w, https:\/\/rituals-home.com\/wp-content\/uploads\/2021\/12\/pexels-alesia-kozik-7796170-150x150.jpg 150w, https:\/\/rituals-home.com\/wp-content\/uploads\/2021\/12\/pexels-alesia-kozik-7796170-768x768.jpg 768w, https:\/\/rituals-home.com\/wp-content\/uploads\/2021\/12\/pexels-alesia-kozik-7796170-1536x1536.jpg 1536w, https:\/\/rituals-home.com\/wp-content\/uploads\/2021\/12\/pexels-alesia-kozik-7796170-2048x2048.jpg 2048w\" sizes=\"(max-width: 1024px) 100vw, 1024px\" \/>\t\t\t\t\t\t\t\t<\/a>\n\t\t\t\t\t\t\t\t\t\t\t\t\t\t\t<\/div>\n\t\t\t\t<\/div>\n\t\t\t\t\t<\/div>\n\t\t<\/div>\n\t\t\t\t<div class=\"elementor-column elementor-col-33 elementor-inner-column elementor-element elementor-element-01513ce\" data-id=\"01513ce\" data-element_type=\"column\" data-e-type=\"column\">\n\t\t\t<div class=\"elementor-widget-wrap elementor-element-populated\">\n\t\t\t\t\t\t<div class=\"elementor-element elementor-element-7300da4 elementor-widget elementor-widget-image\" data-id=\"7300da4\" data-element_type=\"widget\" data-e-type=\"widget\" data-widget_type=\"image.default\">\n\t\t\t\t<div class=\"elementor-widget-container\">\n\t\t\t\t\t\t\t\t\t\t\t\t\t\t\t\t<a href=\"https:\/\/rituals-home.com\/en\/soins-massages\/\">\n\t\t\t\t\t\t\t<img decoding=\"async\" width=\"1024\" height=\"1024\" src=\"https:\/\/rituals-home.com\/wp-content\/uploads\/2021\/12\/steve-halama-dkg-zps94uw-unsplash-1024x1024.jpg\" class=\"attachment-large size-large wp-image-1424\" alt=\"\" srcset=\"https:\/\/rituals-home.com\/wp-content\/uploads\/2021\/12\/steve-halama-dkg-zps94uw-unsplash-1024x1024.jpg 1024w, https:\/\/rituals-home.com\/wp-content\/uploads\/2021\/12\/steve-halama-dkg-zps94uw-unsplash-300x300.jpg 300w, https:\/\/rituals-home.com\/wp-content\/uploads\/2021\/12\/steve-halama-dkg-zps94uw-unsplash-150x150.jpg 150w, https:\/\/rituals-home.com\/wp-content\/uploads\/2021\/12\/steve-halama-dkg-zps94uw-unsplash-768x768.jpg 768w, https:\/\/rituals-home.com\/wp-content\/uploads\/2021\/12\/steve-halama-dkg-zps94uw-unsplash-1536x1536.jpg 1536w, https:\/\/rituals-home.com\/wp-content\/uploads\/2021\/12\/steve-halama-dkg-zps94uw-unsplash-2048x2048.jpg 2048w\" sizes=\"(max-width: 1024px) 100vw, 1024px\" \/>\t\t\t\t\t\t\t\t<\/a>\n\t\t\t\t\t\t\t\t\t\t\t\t\t\t\t<\/div>\n\t\t\t\t<\/div>\n\t\t\t\t\t<\/div>\n\t\t<\/div>\n\t\t\t\t<div class=\"elementor-column elementor-col-33 elementor-inner-column elementor-element elementor-element-20d7203\" data-id=\"20d7203\" data-element_type=\"column\" data-e-type=\"column\">\n\t\t\t<div class=\"elementor-widget-wrap elementor-element-populated\">\n\t\t\t\t\t\t<div class=\"elementor-element elementor-element-52c2572 elementor-widget elementor-widget-image\" data-id=\"52c2572\" data-element_type=\"widget\" data-e-type=\"widget\" data-widget_type=\"image.default\">\n\t\t\t\t<div class=\"elementor-widget-container\">\n\t\t\t\t\t\t\t\t\t\t\t\t\t\t\t\t<a href=\"https:\/\/rituals-home.com\/wp-content\/uploads\/2021\/12\/pexels-roman-odintsov-6193709-scaled.jpg\" data-elementor-open-lightbox=\"yes\" data-elementor-lightbox-title=\"pexels-roman-odintsov-6193709\" data-e-action-hash=\"#elementor-action%3Aaction%3Dlightbox%26settings%3DeyJpZCI6MTQyMywidXJsIjoiaHR0cHM6XC9cL3JpdHVhbHMtaG9tZS5jb21cL3dwLWNvbnRlbnRcL3VwbG9hZHNcLzIwMjFcLzEyXC9wZXhlbHMtcm9tYW4tb2RpbnRzb3YtNjE5MzcwOS1zY2FsZWQuanBnIn0%3D\">\n\t\t\t\t\t\t\t<img decoding=\"async\" width=\"1024\" height=\"1024\" src=\"https:\/\/rituals-home.com\/wp-content\/uploads\/2021\/12\/pexels-roman-odintsov-6193709-1024x1024.jpg\" class=\"attachment-large size-large wp-image-1423\" alt=\"\" srcset=\"https:\/\/rituals-home.com\/wp-content\/uploads\/2021\/12\/pexels-roman-odintsov-6193709-1024x1024.jpg 1024w, https:\/\/rituals-home.com\/wp-content\/uploads\/2021\/12\/pexels-roman-odintsov-6193709-300x300.jpg 300w, https:\/\/rituals-home.com\/wp-content\/uploads\/2021\/12\/pexels-roman-odintsov-6193709-150x150.jpg 150w, https:\/\/rituals-home.com\/wp-content\/uploads\/2021\/12\/pexels-roman-odintsov-6193709-768x768.jpg 768w, https:\/\/rituals-home.com\/wp-content\/uploads\/2021\/12\/pexels-roman-odintsov-6193709-1536x1536.jpg 1536w, https:\/\/rituals-home.com\/wp-content\/uploads\/2021\/12\/pexels-roman-odintsov-6193709-2048x2048.jpg 2048w\" sizes=\"(max-width: 1024px) 100vw, 1024px\" \/>\t\t\t\t\t\t\t\t<\/a>\n\t\t\t\t\t\t\t\t\t\t\t\t\t\t\t<\/div>\n\t\t\t\t<\/div>\n\t\t\t\t\t<\/div>\n\t\t<\/div>\n\t\t\t\t\t<\/div>\n\t\t<\/section>\n\t\t\t\t\t<\/div>\n\t\t<\/div>\n\t\t\t\t\t<\/div>\n\t\t<\/section>\n\t\t\t\t<section class=\"elementor-section elementor-top-section elementor-element elementor-element-d3ab69c elementor-section-boxed elementor-section-height-default elementor-section-height-default\" data-id=\"d3ab69c\" data-element_type=\"section\" data-e-type=\"section\" data-settings=\"{&quot;background_background&quot;:&quot;classic&quot;}\">\n\t\t\t\t\t\t\t<div class=\"elementor-background-overlay\"><\/div>\n\t\t\t\t\t\t\t<div class=\"elementor-container elementor-column-gap-default\">\n\t\t\t\t\t<div class=\"elementor-column elementor-col-100 elementor-top-column elementor-element elementor-element-a4f7c8b\" data-id=\"a4f7c8b\" data-element_type=\"column\" data-e-type=\"column\">\n\t\t\t<div class=\"elementor-widget-wrap elementor-element-populated\">\n\t\t\t\t\t\t<section class=\"elementor-section elementor-inner-section elementor-element elementor-element-43ef486 elementor-section-boxed elementor-section-height-default elementor-section-height-default\" data-id=\"43ef486\" data-element_type=\"section\" data-e-type=\"section\">\n\t\t\t\t\t\t<div class=\"elementor-container elementor-column-gap-default\">\n\t\t\t\t\t<div class=\"elementor-column elementor-col-100 elementor-inner-column elementor-element elementor-element-0fa1ffd\" data-id=\"0fa1ffd\" data-element_type=\"column\" data-e-type=\"column\">\n\t\t\t<div class=\"elementor-widget-wrap elementor-element-populated\">\n\t\t\t\t\t\t<div class=\"elementor-element elementor-element-ed16974 elementor-widget elementor-widget-text-editor\" data-id=\"ed16974\" data-element_type=\"widget\" data-e-type=\"widget\" data-widget_type=\"text-editor.default\">\n\t\t\t\t<div class=\"elementor-widget-container\">\n\t\t\t\t\t\t\t\t\t<p class=\"translation-block\">As you will have understood, each package is tailor-made to suit you. <br>Contact me now to book your treatment duo!<\/p>\t\t\t\t\t\t\t\t<\/div>\n\t\t\t\t<\/div>\n\t\t\t\t\t<\/div>\n\t\t<\/div>\n\t\t\t\t\t<\/div>\n\t\t<\/section>\n\t\t\t\t<section class=\"elementor-section elementor-inner-section elementor-element elementor-element-2aad3d9 elementor-section-boxed elementor-section-height-default elementor-section-height-default\" data-id=\"2aad3d9\" data-element_type=\"section\" data-e-type=\"section\">\n\t\t\t\t\t\t<div class=\"elementor-container elementor-column-gap-default\">\n\t\t\t\t\t<div class=\"elementor-column elementor-col-100 elementor-inner-column elementor-element elementor-element-7bb14d7\" data-id=\"7bb14d7\" data-element_type=\"column\" data-e-type=\"column\">\n\t\t\t<div class=\"elementor-widget-wrap elementor-element-populated\">\n\t\t\t\t\t\t<div class=\"elementor-element elementor-element-a9b88ff elementor-align-center elementor-widget elementor-widget-button\" data-id=\"a9b88ff\" data-element_type=\"widget\" data-e-type=\"widget\" data-widget_type=\"button.default\">\n\t\t\t\t<div class=\"elementor-widget-container\">\n\t\t\t\t\t\t\t\t\t<div class=\"elementor-button-wrapper\">\n\t\t\t\t\t<a class=\"elementor-button elementor-button-link elementor-size-lg\" href=\"https:\/\/rituals-home.com\/en\/me-contacter\/\">\n\t\t\t\t\t\t<span class=\"elementor-button-content-wrapper\">\n\t\t\t\t\t\t\t\t\t<span class=\"elementor-button-text\">Contact me<\/span>\n\t\t\t\t\t<\/span>\n\t\t\t\t\t<\/a>\n\t\t\t\t<\/div>\n\t\t\t\t\t\t\t\t<\/div>\n\t\t\t\t<\/div>\n\t\t\t\t\t<\/div>\n\t\t<\/div>\n\t\t\t\t\t<\/div>\n\t\t<\/section>\n\t\t\t\t\t<\/div>\n\t\t<\/div>\n\t\t\t\t\t<\/div>\n\t\t<\/section>\n\t\t\t\t<\/div>","protected":false},"excerpt":{"rendered":"<p>Cours de yoga et massage Professeur de yoga et masseuse \u00e0 domicile dans le bassin d&rsquo;Arcachon, je souhaite proposer un accompagnement bien-\u00eatre complet \u00e0 mes \u00e9tudiants et mes clients. C\u2019est pourquoi j\u2019ai imagin\u00e9 ce forfait sp\u00e9cial Yoga et Massage ! Rituals Home : un accompagnement complet gr\u00e2ce aux bienfaits du yoga coupl\u00e9s aux massages. Mon [&hellip;]<\/p>\n","protected":false},"author":1,"featured_media":0,"parent":27,"menu_order":0,"comment_status":"closed","ping_status":"closed","template":"","meta":{"site-sidebar-layout":"no-sidebar","site-content-layout":"page-builder","ast-site-content-layout":"full-width-container","site-content-style":"unboxed","site-sidebar-style":"unboxed","ast-global-header-display":"","ast-banner-title-visibility":"","ast-main-header-display":"","ast-hfb-above-header-display":"","ast-hfb-below-header-display":"","ast-hfb-mobile-header-display":"","site-post-title":"disabled","ast-breadcrumbs-content":"","ast-featured-img":"disabled","footer-sml-layout":"","ast-disable-related-posts":"","theme-transparent-header-meta":"","adv-header-id-meta":"","stick-header-meta":"","header-above-stick-meta":"","header-main-stick-meta":"","header-below-stick-meta":"","astra-migrate-meta-layouts":"set","ast-page-background-enabled":"default","ast-page-background-meta":{"desktop":{"background-color":"var(--ast-global-color-4)","background-image":"","background-repeat":"repeat","background-position":"center center","background-size":"auto","background-attachment":"scroll","background-type":"","background-media":"","overlay-type":"","overlay-color":"","overlay-opacity":"","overlay-gradient":""},"tablet":{"background-color":"","background-image":"","background-repeat":"repeat","background-position":"center center","background-size":"auto","background-attachment":"scroll","background-type":"","background-media":"","overlay-type":"","overlay-color":"","overlay-opacity":"","overlay-gradient":""},"mobile":{"background-color":"","background-image":"","background-repeat":"repeat","background-position":"center center","background-size":"auto","background-attachment":"scroll","background-type":"","background-media":"","overlay-type":"","overlay-color":"","overlay-opacity":"","overlay-gradient":""}},"ast-content-background-meta":{"desktop":{"background-color":"var(--ast-global-color-5)","background-image":"","background-repeat":"repeat","background-position":"center center","background-size":"auto","background-attachment":"scroll","background-type":"","background-media":"","overlay-type":"","overlay-color":"","overlay-opacity":"","overlay-gradient":""},"tablet":{"background-color":"var(--ast-global-color-5)","background-image":"","background-repeat":"repeat","background-position":"center center","background-size":"auto","background-attachment":"scroll","background-type":"","background-media":"","overlay-type":"","overlay-color":"","overlay-opacity":"","overlay-gradient":""},"mobile":{"background-color":"var(--ast-global-color-5)","background-image":"","background-repeat":"repeat","background-position":"center center","background-size":"auto","background-attachment":"scroll","background-type":"","background-media":"","overlay-type":"","overlay-color":"","overlay-opacity":"","overlay-gradient":""}},"footnotes":""},"class_list":["post-47","page","type-page","status-publish","hentry"],"_links":{"self":[{"href":"https:\/\/rituals-home.com\/en\/wp-json\/wp\/v2\/pages\/47","targetHints":{"allow":["GET"]}}],"collection":[{"href":"https:\/\/rituals-home.com\/en\/wp-json\/wp\/v2\/pages"}],"about":[{"href":"https:\/\/rituals-home.com\/en\/wp-json\/wp\/v2\/types\/page"}],"author":[{"embeddable":true,"href":"https:\/\/rituals-home.com\/en\/wp-json\/wp\/v2\/users\/1"}],"replies":[{"embeddable":true,"href":"https:\/\/rituals-home.com\/en\/wp-json\/wp\/v2\/comments?post=47"}],"version-history":[{"count":30,"href":"https:\/\/rituals-home.com\/en\/wp-json\/wp\/v2\/pages\/47\/revisions"}],"predecessor-version":[{"id":2512,"href":"https:\/\/rituals-home.com\/en\/wp-json\/wp\/v2\/pages\/47\/revisions\/2512"}],"up":[{"embeddable":true,"href":"https:\/\/rituals-home.com\/en\/wp-json\/wp\/v2\/pages\/27"}],"wp:attachment":[{"href":"https:\/\/rituals-home.com\/en\/wp-json\/wp\/v2\/media?parent=47"}],"curies":[{"name":"wp","href":"https:\/\/api.w.org\/{rel}","templated":true}]}}