{"id":54,"date":"2021-11-22T10:26:10","date_gmt":"2021-11-22T10:26:10","guid":{"rendered":"https:\/\/rituals-home.com\/?page_id=54"},"modified":"2024-01-20T18:15:51","modified_gmt":"2024-01-20T18:15:51","slug":"massage-du-dos","status":"publish","type":"page","link":"https:\/\/rituals-home.com\/en\/soins-massages\/massage-du-dos\/","title":{"rendered":"Back massage"},"content":{"rendered":"<div data-elementor-type=\"wp-page\" data-elementor-id=\"54\" class=\"elementor elementor-54\" data-elementor-post-type=\"page\">\n\t\t\t\t\t\t<section class=\"elementor-section elementor-top-section elementor-element elementor-element-afceb40 elementor-section-height-min-height elementor-section-items-stretch elementor-section-content-middle elementor-section-boxed elementor-section-height-default\" data-id=\"afceb40\" data-element_type=\"section\" data-e-type=\"section\" data-settings=\"{&quot;background_background&quot;:&quot;classic&quot;}\">\n\t\t\t\t\t\t\t<div class=\"elementor-background-overlay\"><\/div>\n\t\t\t\t\t\t\t<div class=\"elementor-container elementor-column-gap-default\">\n\t\t\t\t\t<div class=\"elementor-column elementor-col-100 elementor-top-column elementor-element elementor-element-37571c5\" data-id=\"37571c5\" data-element_type=\"column\" data-e-type=\"column\">\n\t\t\t<div class=\"elementor-widget-wrap elementor-element-populated\">\n\t\t\t\t\t\t<div class=\"elementor-element elementor-element-88f7562 elementor-widget elementor-widget-heading\" data-id=\"88f7562\" data-element_type=\"widget\" data-e-type=\"widget\" data-widget_type=\"heading.default\">\n\t\t\t\t<div class=\"elementor-widget-container\">\n\t\t\t\t\t<h1 class=\"elementor-heading-title elementor-size-default\">Back massage <\/h1>\t\t\t\t<\/div>\n\t\t\t\t<\/div>\n\t\t\t\t\t<\/div>\n\t\t<\/div>\n\t\t\t\t\t<\/div>\n\t\t<\/section>\n\t\t\t\t<section class=\"elementor-section elementor-top-section elementor-element elementor-element-6ebf0f0 elementor-section-boxed elementor-section-height-default elementor-section-height-default\" data-id=\"6ebf0f0\" data-element_type=\"section\" data-e-type=\"section\">\n\t\t\t\t\t\t<div class=\"elementor-container elementor-column-gap-default\">\n\t\t\t\t\t<div class=\"elementor-column elementor-col-100 elementor-top-column elementor-element elementor-element-1960130\" data-id=\"1960130\" data-element_type=\"column\" data-e-type=\"column\">\n\t\t\t<div class=\"elementor-widget-wrap\">\n\t\t\t\t\t\t\t<\/div>\n\t\t<\/div>\n\t\t\t\t\t<\/div>\n\t\t<\/section>\n\t\t\t\t<section class=\"elementor-section elementor-top-section elementor-element elementor-element-ba26524 elementor-section-boxed elementor-section-height-default elementor-section-height-default\" data-id=\"ba26524\" data-element_type=\"section\" data-e-type=\"section\" data-settings=\"{&quot;background_background&quot;:&quot;classic&quot;}\">\n\t\t\t\t\t\t<div class=\"elementor-container elementor-column-gap-default\">\n\t\t\t\t\t<div class=\"elementor-column elementor-col-100 elementor-top-column elementor-element elementor-element-4a255dc\" data-id=\"4a255dc\" data-element_type=\"column\" data-e-type=\"column\">\n\t\t\t<div class=\"elementor-widget-wrap elementor-element-populated\">\n\t\t\t\t\t\t<div class=\"elementor-element elementor-element-66ce6b2 elementor-widget elementor-widget-text-editor\" data-id=\"66ce6b2\" data-element_type=\"widget\" data-e-type=\"widget\" data-widget_type=\"text-editor.default\">\n\t\t\t\t<div class=\"elementor-widget-container\">\n\t\t\t\t\t\t\t\t\t<p class=\"translation-block\">The back compensates for all the hassles of everyday life: fatigue, anxiety, tension, bad posture, etc.<br> Over time, it gets blocked, thus reducing mobility or creating severe pain. Massage therapy makes it possible to avoid these two extremes by favoring a preventive approach: a regular massage of the back will make it possible to evacuate all the tensions to prevent them from settling and coming to create worries for you.<\/p>\t\t\t\t\t\t\t\t<\/div>\n\t\t\t\t<\/div>\n\t\t\t\t\t<\/div>\n\t\t<\/div>\n\t\t\t\t\t<\/div>\n\t\t<\/section>\n\t\t\t\t<section class=\"elementor-section elementor-top-section elementor-element elementor-element-a5589b0 elementor-section-boxed elementor-section-height-default elementor-section-height-default\" data-id=\"a5589b0\" data-element_type=\"section\" data-e-type=\"section\" data-settings=\"{&quot;background_background&quot;:&quot;classic&quot;}\">\n\t\t\t\t\t\t<div class=\"elementor-container elementor-column-gap-default\">\n\t\t\t\t\t<div class=\"elementor-column elementor-col-100 elementor-top-column elementor-element elementor-element-037b41c\" data-id=\"037b41c\" data-element_type=\"column\" data-e-type=\"column\">\n\t\t\t<div class=\"elementor-widget-wrap elementor-element-populated\">\n\t\t\t\t\t\t<div class=\"elementor-element elementor-element-971ddc6 elementor-widget elementor-widget-heading\" data-id=\"971ddc6\" data-element_type=\"widget\" data-e-type=\"widget\" data-widget_type=\"heading.default\">\n\t\t\t\t<div class=\"elementor-widget-container\">\n\t\t\t\t\t<h2 class=\"elementor-heading-title elementor-size-default\">What is a good back massage?<\/h2>\t\t\t\t<\/div>\n\t\t\t\t<\/div>\n\t\t\t\t<div class=\"elementor-element elementor-element-0b29773 elementor-widget elementor-widget-text-editor\" data-id=\"0b29773\" data-element_type=\"widget\" data-e-type=\"widget\" data-widget_type=\"text-editor.default\">\n\t\t\t\t<div class=\"elementor-widget-container\">\n\t\t\t\t\t\t\t\t\t<p class=\"translation-block\">Back massage is a <b>well-being treatment<\/b> that is practiced by first massaging the coccyx and then going up along the spine towards the vertebrae. To release the muscular tensions that are all along your spine, I will massage your lower back, your shoulders, your trapezius muscles and your neck. This releases knots in the back and <b>eases tension <\/b>so you can regain mobility, resume good posture, and relieve your back pains<\/p><p><span style=\"font-weight: 400;\">When the knots are difficult to relax, I come to massage with tiger balm to untie and soothe the tensions more deeply. <\/span><\/p>\t\t\t\t\t\t\t\t<\/div>\n\t\t\t\t<\/div>\n\t\t\t\t\t<\/div>\n\t\t<\/div>\n\t\t\t\t\t<\/div>\n\t\t<\/section>\n\t\t\t\t<section class=\"elementor-section elementor-top-section elementor-element elementor-element-c5ce1f2 elementor-section-boxed elementor-section-height-default elementor-section-height-default\" data-id=\"c5ce1f2\" data-element_type=\"section\" data-e-type=\"section\" data-settings=\"{&quot;background_background&quot;:&quot;classic&quot;}\">\n\t\t\t\t\t\t\t<div class=\"elementor-background-overlay\"><\/div>\n\t\t\t\t\t\t\t<div class=\"elementor-container elementor-column-gap-default\">\n\t\t\t\t\t<div class=\"elementor-column elementor-col-100 elementor-top-column elementor-element elementor-element-2d75516\" data-id=\"2d75516\" data-element_type=\"column\" data-e-type=\"column\" data-settings=\"{&quot;background_background&quot;:&quot;classic&quot;}\">\n\t\t\t<div class=\"elementor-widget-wrap elementor-element-populated\">\n\t\t\t\t\t\t<section class=\"elementor-section elementor-inner-section elementor-element elementor-element-3fa317a elementor-section-full_width elementor-section-height-default elementor-section-height-default\" data-id=\"3fa317a\" data-element_type=\"section\" data-e-type=\"section\">\n\t\t\t\t\t\t<div class=\"elementor-container elementor-column-gap-default\">\n\t\t\t\t\t<div class=\"elementor-column elementor-col-50 elementor-inner-column elementor-element elementor-element-9fb9051\" data-id=\"9fb9051\" data-element_type=\"column\" data-e-type=\"column\">\n\t\t\t<div class=\"elementor-widget-wrap elementor-element-populated\">\n\t\t\t\t\t\t<div class=\"elementor-element elementor-element-feb622b elementor-widget elementor-widget-image\" data-id=\"feb622b\" data-element_type=\"widget\" data-e-type=\"widget\" data-widget_type=\"image.default\">\n\t\t\t\t<div class=\"elementor-widget-container\">\n\t\t\t\t\t\t\t\t\t\t\t\t\t\t\t\t<a href=\"https:\/\/rituals-home.com\/wp-content\/uploads\/2021\/12\/Massage-du-dos_003-scaled.jpg\" data-elementor-open-lightbox=\"yes\" data-elementor-lightbox-title=\"Massage du dos_003\" data-e-action-hash=\"#elementor-action%3Aaction%3Dlightbox%26settings%3DeyJpZCI6OTk3LCJ1cmwiOiJodHRwczpcL1wvcml0dWFscy1ob21lLmNvbVwvd3AtY29udGVudFwvdXBsb2Fkc1wvMjAyMVwvMTJcL01hc3NhZ2UtZHUtZG9zXzAwMy1zY2FsZWQuanBnIn0%3D\">\n\t\t\t\t\t\t\t<img fetchpriority=\"high\" decoding=\"async\" width=\"1024\" height=\"1024\" src=\"https:\/\/rituals-home.com\/wp-content\/uploads\/2021\/12\/Massage-du-dos_003-1024x1024.jpg\" class=\"attachment-large size-large wp-image-997\" alt=\"\" srcset=\"https:\/\/rituals-home.com\/wp-content\/uploads\/2021\/12\/Massage-du-dos_003-1024x1024.jpg 1024w, https:\/\/rituals-home.com\/wp-content\/uploads\/2021\/12\/Massage-du-dos_003-300x300.jpg 300w, https:\/\/rituals-home.com\/wp-content\/uploads\/2021\/12\/Massage-du-dos_003-150x150.jpg 150w, https:\/\/rituals-home.com\/wp-content\/uploads\/2021\/12\/Massage-du-dos_003-768x768.jpg 768w, https:\/\/rituals-home.com\/wp-content\/uploads\/2021\/12\/Massage-du-dos_003-1536x1536.jpg 1536w, https:\/\/rituals-home.com\/wp-content\/uploads\/2021\/12\/Massage-du-dos_003-2048x2048.jpg 2048w\" sizes=\"(max-width: 1024px) 100vw, 1024px\" \/>\t\t\t\t\t\t\t\t<\/a>\n\t\t\t\t\t\t\t\t\t\t\t\t\t\t\t<\/div>\n\t\t\t\t<\/div>\n\t\t\t\t\t<\/div>\n\t\t<\/div>\n\t\t\t\t<div class=\"elementor-column elementor-col-50 elementor-inner-column elementor-element elementor-element-7eb17e3\" data-id=\"7eb17e3\" data-element_type=\"column\" data-e-type=\"column\">\n\t\t\t<div class=\"elementor-widget-wrap elementor-element-populated\">\n\t\t\t\t\t\t<div class=\"elementor-element elementor-element-6de15dd elementor-widget elementor-widget-image\" data-id=\"6de15dd\" data-element_type=\"widget\" data-e-type=\"widget\" data-widget_type=\"image.default\">\n\t\t\t\t<div class=\"elementor-widget-container\">\n\t\t\t\t\t\t\t\t\t\t\t\t\t\t\t\t<a href=\"https:\/\/rituals-home.com\/en\/soins-massages\/\">\n\t\t\t\t\t\t\t<img decoding=\"async\" width=\"1024\" height=\"1024\" src=\"https:\/\/rituals-home.com\/wp-content\/uploads\/2021\/12\/pexels-olia-danilevich-9336024-1024x1024.jpg\" class=\"attachment-large size-large wp-image-920\" alt=\"\" srcset=\"https:\/\/rituals-home.com\/wp-content\/uploads\/2021\/12\/pexels-olia-danilevich-9336024-1024x1024.jpg 1024w, https:\/\/rituals-home.com\/wp-content\/uploads\/2021\/12\/pexels-olia-danilevich-9336024-300x300.jpg 300w, https:\/\/rituals-home.com\/wp-content\/uploads\/2021\/12\/pexels-olia-danilevich-9336024-150x150.jpg 150w, https:\/\/rituals-home.com\/wp-content\/uploads\/2021\/12\/pexels-olia-danilevich-9336024-768x768.jpg 768w, https:\/\/rituals-home.com\/wp-content\/uploads\/2021\/12\/pexels-olia-danilevich-9336024-1536x1536.jpg 1536w, https:\/\/rituals-home.com\/wp-content\/uploads\/2021\/12\/pexels-olia-danilevich-9336024.jpg 1917w\" sizes=\"(max-width: 1024px) 100vw, 1024px\" \/>\t\t\t\t\t\t\t\t<\/a>\n\t\t\t\t\t\t\t\t\t\t\t\t\t\t\t<\/div>\n\t\t\t\t<\/div>\n\t\t\t\t\t<\/div>\n\t\t<\/div>\n\t\t\t\t\t<\/div>\n\t\t<\/section>\n\t\t\t\t\t<\/div>\n\t\t<\/div>\n\t\t\t\t\t<\/div>\n\t\t<\/section>\n\t\t\t\t<section class=\"elementor-section elementor-top-section elementor-element elementor-element-5fbbabe elementor-section-boxed elementor-section-height-default elementor-section-height-default\" data-id=\"5fbbabe\" data-element_type=\"section\" data-e-type=\"section\" data-settings=\"{&quot;background_background&quot;:&quot;classic&quot;}\">\n\t\t\t\t\t\t<div class=\"elementor-container elementor-column-gap-default\">\n\t\t\t\t\t<div class=\"elementor-column elementor-col-100 elementor-top-column elementor-element elementor-element-e02a237\" data-id=\"e02a237\" data-element_type=\"column\" data-e-type=\"column\">\n\t\t\t<div class=\"elementor-widget-wrap elementor-element-populated\">\n\t\t\t\t\t\t<div class=\"elementor-element elementor-element-2ab54f2 elementor-widget elementor-widget-heading\" data-id=\"2ab54f2\" data-element_type=\"widget\" data-e-type=\"widget\" data-widget_type=\"heading.default\">\n\t\t\t\t<div class=\"elementor-widget-container\">\n\t\t\t\t\t<h2 class=\"elementor-heading-title elementor-size-default\">The benefits of a back massage<\/h2>\t\t\t\t<\/div>\n\t\t\t\t<\/div>\n\t\t\t\t<div class=\"elementor-element elementor-element-1bce2da elementor-widget elementor-widget-text-editor\" data-id=\"1bce2da\" data-element_type=\"widget\" data-e-type=\"widget\" data-widget_type=\"text-editor.default\">\n\t\t\t\t<div class=\"elementor-widget-container\">\n\t\t\t\t\t\t\t\t\t<p><span style=\"font-weight: 400;\">A back massage allows you to unwind and relax, but it aims above all to relieve tension and pain felt at the back (back pain, lumbar pain, tense shoulders, stiff neck, etc.).\u00a0<\/span><\/p><p><span style=\"font-weight: 400;\">The pressure and movement of the hands on the skin also helps to stimulate blood, energy and lymphatic circulation and to evacuate toxins. This is why it is a very recommended treatment in case of slack: it is a massage that stimulates the immune system!\u00a0<\/span><\/p><p><span style=\"font-weight: 400;\">During the massage, your body comes to rest. I activate your parasympathetic nervous system so that your breathing and blood pressure can slow down and you can fully relax.<\/span><\/p>\t\t\t\t\t\t\t\t<\/div>\n\t\t\t\t<\/div>\n\t\t\t\t\t<\/div>\n\t\t<\/div>\n\t\t\t\t\t<\/div>\n\t\t<\/section>\n\t\t\t\t<section class=\"elementor-section elementor-top-section elementor-element elementor-element-ba8c0e5 elementor-section-boxed elementor-section-height-default elementor-section-height-default\" data-id=\"ba8c0e5\" data-element_type=\"section\" data-e-type=\"section\" data-settings=\"{&quot;background_background&quot;:&quot;classic&quot;}\">\n\t\t\t\t\t\t\t<div class=\"elementor-background-overlay\"><\/div>\n\t\t\t\t\t\t\t<div class=\"elementor-container elementor-column-gap-default\">\n\t\t\t\t\t<div class=\"elementor-column elementor-col-100 elementor-top-column elementor-element elementor-element-557bc26\" data-id=\"557bc26\" data-element_type=\"column\" data-e-type=\"column\">\n\t\t\t<div class=\"elementor-widget-wrap elementor-element-populated\">\n\t\t\t\t\t\t<div class=\"elementor-element elementor-element-cf40b24 elementor-widget elementor-widget-heading\" data-id=\"cf40b24\" data-element_type=\"widget\" data-e-type=\"widget\" data-widget_type=\"heading.default\">\n\t\t\t\t<div class=\"elementor-widget-container\">\n\t\t\t\t\t<h2 class=\"elementor-heading-title elementor-size-default\">O\u00f9 trouver un bon massage du dos dans le bassin d'Arcachon ?<\/h2>\t\t\t\t<\/div>\n\t\t\t\t<\/div>\n\t\t\t\t<div class=\"elementor-element elementor-element-e2922cf elementor-widget elementor-widget-text-editor\" data-id=\"e2922cf\" data-element_type=\"widget\" data-e-type=\"widget\" data-widget_type=\"text-editor.default\">\n\t\t\t\t<div class=\"elementor-widget-container\">\n\t\t\t\t\t\t\t\t\t<p><span style=\"font-weight: 400;\">Masseuse \u00e0 domicile, je viens chez-vous, dans le bassin d&rsquo;Arcachon, pour vous proposer un <\/span><b>massage du dos<\/b><span style=\"font-weight: 400;\"> !<br \/>\u00a0Je me rends sur votre lieu de r\u00e9sidence avec mon mat\u00e9riel : ma table de massage, ma fid\u00e8le huile de coco organique et biologique, et mon baume du tigre pour m\u2019attaquer aux n\u0153uds les plus r\u00e9calcitrants, pour prendre soin de vous et vous offrir un moment 100% cocooning.<\/span><\/p><p><span style=\"font-weight: 400;\">Is this the massage you need?\u00a0<\/span><\/p>\t\t\t\t\t\t\t\t<\/div>\n\t\t\t\t<\/div>\n\t\t\t\t<section class=\"elementor-section elementor-inner-section elementor-element elementor-element-def9cde elementor-section-boxed elementor-section-height-default elementor-section-height-default\" data-id=\"def9cde\" data-element_type=\"section\" data-e-type=\"section\">\n\t\t\t\t\t\t<div class=\"elementor-container elementor-column-gap-default\">\n\t\t\t\t\t<div class=\"elementor-column elementor-col-100 elementor-inner-column elementor-element elementor-element-faa3178\" data-id=\"faa3178\" data-element_type=\"column\" data-e-type=\"column\">\n\t\t\t<div class=\"elementor-widget-wrap elementor-element-populated\">\n\t\t\t\t\t\t<div class=\"elementor-element elementor-element-ee5d199 elementor-align-center elementor-widget elementor-widget-button\" data-id=\"ee5d199\" data-element_type=\"widget\" data-e-type=\"widget\" data-widget_type=\"button.default\">\n\t\t\t\t<div class=\"elementor-widget-container\">\n\t\t\t\t\t\t\t\t\t<div class=\"elementor-button-wrapper\">\n\t\t\t\t\t<a class=\"elementor-button elementor-button-link elementor-size-lg\" href=\"https:\/\/rituals-home.com\/en\/me-contacter\/\">\n\t\t\t\t\t\t<span class=\"elementor-button-content-wrapper\">\n\t\t\t\t\t\t\t\t\t<span class=\"elementor-button-text\">Contact me<\/span>\n\t\t\t\t\t<\/span>\n\t\t\t\t\t<\/a>\n\t\t\t\t<\/div>\n\t\t\t\t\t\t\t\t<\/div>\n\t\t\t\t<\/div>\n\t\t\t\t\t<\/div>\n\t\t<\/div>\n\t\t\t\t\t<\/div>\n\t\t<\/section>\n\t\t\t\t\t<\/div>\n\t\t<\/div>\n\t\t\t\t\t<\/div>\n\t\t<\/section>\n\t\t\t\t<\/div>","protected":false},"excerpt":{"rendered":"<p>Massage du dos \u201cEn avoir plein le dos\u201d est plus qu\u2019une expression !&nbsp;Le dos compense tous les tracas du quotidien : fatigue, angoisses, crispations, mauvaises postures, \u2026 \u00c0 force, il se bloque, r\u00e9duisant ainsi la mobilit\u00e9 ou cr\u00e9ant de fortes douleurs. La massoth\u00e9rapie permet d\u2019\u00e9viter ces deux extr\u00eames en favorisant une approche pr\u00e9ventive : un [&hellip;]<\/p>\n","protected":false},"author":1,"featured_media":0,"parent":26,"menu_order":0,"comment_status":"closed","ping_status":"closed","template":"","meta":{"site-sidebar-layout":"no-sidebar","site-content-layout":"page-builder","ast-site-content-layout":"full-width-container","site-content-style":"unboxed","site-sidebar-style":"unboxed","ast-global-header-display":"","ast-banner-title-visibility":"","ast-main-header-display":"","ast-hfb-above-header-display":"","ast-hfb-below-header-display":"","ast-hfb-mobile-header-display":"","site-post-title":"disabled","ast-breadcrumbs-content":"","ast-featured-img":"disabled","footer-sml-layout":"","ast-disable-related-posts":"","theme-transparent-header-meta":"","adv-header-id-meta":"","stick-header-meta":"","header-above-stick-meta":"","header-main-stick-meta":"","header-below-stick-meta":"","astra-migrate-meta-layouts":"set","ast-page-background-enabled":"default","ast-page-background-meta":{"desktop":{"background-color":"var(--ast-global-color-4)","background-image":"","background-repeat":"repeat","background-position":"center center","background-size":"auto","background-attachment":"scroll","background-type":"","background-media":"","overlay-type":"","overlay-color":"","overlay-opacity":"","overlay-gradient":""},"tablet":{"background-color":"","background-image":"","background-repeat":"repeat","background-position":"center center","background-size":"auto","background-attachment":"scroll","background-type":"","background-media":"","overlay-type":"","overlay-color":"","overlay-opacity":"","overlay-gradient":""},"mobile":{"background-color":"","background-image":"","background-repeat":"repeat","background-position":"center center","background-size":"auto","background-attachment":"scroll","background-type":"","background-media":"","overlay-type":"","overlay-color":"","overlay-opacity":"","overlay-gradient":""}},"ast-content-background-meta":{"desktop":{"background-color":"var(--ast-global-color-5)","background-image":"","background-repeat":"repeat","background-position":"center center","background-size":"auto","background-attachment":"scroll","background-type":"","background-media":"","overlay-type":"","overlay-color":"","overlay-opacity":"","overlay-gradient":""},"tablet":{"background-color":"var(--ast-global-color-5)","background-image":"","background-repeat":"repeat","background-position":"center center","background-size":"auto","background-attachment":"scroll","background-type":"","background-media":"","overlay-type":"","overlay-color":"","overlay-opacity":"","overlay-gradient":""},"mobile":{"background-color":"var(--ast-global-color-5)","background-image":"","background-repeat":"repeat","background-position":"center center","background-size":"auto","background-attachment":"scroll","background-type":"","background-media":"","overlay-type":"","overlay-color":"","overlay-opacity":"","overlay-gradient":""}},"footnotes":""},"class_list":["post-54","page","type-page","status-publish","hentry"],"_links":{"self":[{"href":"https:\/\/rituals-home.com\/en\/wp-json\/wp\/v2\/pages\/54","targetHints":{"allow":["GET"]}}],"collection":[{"href":"https:\/\/rituals-home.com\/en\/wp-json\/wp\/v2\/pages"}],"about":[{"href":"https:\/\/rituals-home.com\/en\/wp-json\/wp\/v2\/types\/page"}],"author":[{"embeddable":true,"href":"https:\/\/rituals-home.com\/en\/wp-json\/wp\/v2\/users\/1"}],"replies":[{"embeddable":true,"href":"https:\/\/rituals-home.com\/en\/wp-json\/wp\/v2\/comments?post=54"}],"version-history":[{"count":46,"href":"https:\/\/rituals-home.com\/en\/wp-json\/wp\/v2\/pages\/54\/revisions"}],"predecessor-version":[{"id":2491,"href":"https:\/\/rituals-home.com\/en\/wp-json\/wp\/v2\/pages\/54\/revisions\/2491"}],"up":[{"embeddable":true,"href":"https:\/\/rituals-home.com\/en\/wp-json\/wp\/v2\/pages\/26"}],"wp:attachment":[{"href":"https:\/\/rituals-home.com\/en\/wp-json\/wp\/v2\/media?parent=54"}],"curies":[{"name":"wp","href":"https:\/\/api.w.org\/{rel}","templated":true}]}}